{"id":36757,"date":"2024-02-12T10:57:18","date_gmt":"2024-02-12T09:57:18","guid":{"rendered":"https:\/\/campralodge.ch\/?page_id=36757"},"modified":"2024-02-12T10:57:18","modified_gmt":"2024-02-12T09:57:18","slug":"a-propos-de-nous","status":"publish","type":"page","link":"https:\/\/campralodge.ch\/fr\/a-propos-de-nous\/","title":{"rendered":"\u00c0 propos de nous"},"content":{"rendered":"<div class=\"wpb-content-wrapper\"><p>[vc_row dfd_bg_style=\u00a0\u00bbimage\u00a0\u00bb dfd_bg_image_new=\u00a0\u00bb34273&Prime; dfd_bg_image_repeat=\u00a0\u00bbno-repeat\u00a0\u00bb dfd_bg_image_position=\u00a0\u00bb50% 50%\u00a0\u00bb dfd_row_config=\u00a0\u00bbfull_width_content\u00a0\u00bb][vc_column]<div class=\"dfd-spacer-module\"  data-units=\"px\" data-wide_resolution=\"1280\" data-wide_size=\"750\" data-normal_resolution=\"1024\" data-normal_size=\"600\" data-tablet_resolution=\"800\" data-tablet_size=\"550\" data-mobile_resolution=\"480\" data-mobile_size=\"350\" style=\"height: 750px;\"><\/div>[\/vc_column][\/vc_row][vc_row dfd_row_config=\u00a0\u00bbfull_width_content\u00a0\u00bb][vc_column width=\u00a0\u00bb1\/2&Prime; dfd_column_responsive_enable=\u00a0\u00bbdfd-column-responsive-enable\u00a0\u00bb css=\u00a0\u00bb.vc_custom_1585212720123{padding-top: 100px !important;padding-right: 100px !important;padding-bottom: 100px !important;padding-left: 100px !important;}\u00a0\u00bb col_shadow=\u00a0\u00bbbox_shadow_enable:disable|shadow_horizontal:0|shadow_vertical:15|shadow_blur:50|shadow_spread:0|box_shadow_color:rgba(0%2C0%2C0%2C0.35)\u00a0\u00bb col_shadow_hover=\u00a0\u00bbbox_shadow_enable:disable|shadow_horizontal:0|shadow_vertical:15|shadow_blur:50|shadow_spread:0|box_shadow_color:rgba(0%2C0%2C0%2C0.35)\u00a0\u00bb responsive_styles=\u00a0\u00bbpadding_top_desktop:80|padding_bottom_desktop:80|padding_left_desktop:30|padding_right_desktop:30|padding_top_tablet:60|padding_bottom_tablet:60|padding_left_tablet:30|padding_right_tablet:30|padding_top_mobile:60|padding_bottom_mobile:60|padding_left_mobile:30|padding_right_mobile:30&Prime;][vc_row_inner][vc_column_inner dfd_column_responsive_enable=\u00a0\u00bbdfd-column-responsive-enable\u00a0\u00bb col_inner_shadow=\u00a0\u00bbbox_shadow_enable:disable|shadow_horizontal:0|shadow_vertical:15|shadow_blur:50|shadow_spread:0|box_shadow_color:rgba(0%2C0%2C0%2C0.35)\u00a0\u00bb col_inner_shadow_hover=\u00a0\u00bbbox_shadow_enable:disable|shadow_horizontal:0|shadow_vertical:15|shadow_blur:50|shadow_spread:0|box_shadow_color:rgba(0%2C0%2C0%2C0.35)\u00a0\u00bb responsive_styles=\u00a0\u00bbpadding_left_desktop:50|padding_right_desktop:50|padding_left_tablet:30|padding_right_tablet:30&Prime;][vc_column_text]Le Campra Alpine Lodge et Spa a \u00e9t\u00e9 achev\u00e9 et ouvert en 2019. D\u00e8s la construction, nous avons veill\u00e9 \u00e0 utiliser principalement des mat\u00e9riaux naturels comme le bois et le granit. Nous sommes fiers que notre b\u00e2timent soit un b\u00e2timent \u00e9conome en \u00e9nergie. Malgr\u00e9 son design moderne, le Campra Alpin Lodge &#038; Spa s&rsquo;int\u00e8gre parfaitement dans le magnifique paysage du Val Blenio.<\/p>\n<p>Sur le plan culinaire, le chef Luciano Bellinato et son \u00e9quipe vous g\u00e2teront avec des sp\u00e9cialit\u00e9s de la r\u00e9gion ou des classiques comme un fantastique cordon bleu farci de formagella de l&rsquo;alpage de Pertusio. Nous achetons nos sp\u00e9cialit\u00e9s de charcuterie typiquement tessinoises comme les \u00ab\u00a0Salametti Nostrani\u00a0\u00bb ou la \u00ab\u00a0Coppa\u00a0\u00bb \u00e0 la boucherie Vescovi \u00e0 Olivone.<\/p>\n<p>Dans notre restaurant \u00ab\u00a0Il Ritrovo\u00a0\u00bb, nous vous recommandons le vin qui accompagnera nos plats. Ici aussi, nous misons avant tout sur nos tr\u00e8s bons vins tessinois. Si vous pr\u00e9f\u00e9rez la bi\u00e8re, vous en trouverez \u00e9galement de la r\u00e9gion, brass\u00e9e \u00e0 Dongio, non loin de l\u00e0.<\/p>\n<p>Les clients de l&rsquo;h\u00f4tel de diff\u00e9rents groupes cibles profitent du repos nocturne dans nos chambres doubles ou familiales. En outre, les groupes plus importants ont la possibilit\u00e9 de passer la nuit dans nos chambres de 8 \u00e0 12 lits.<\/p>\n<p>Le matin, un petit-d\u00e9jeuner copieux attend nos h\u00f4tes pour bien commencer la journ\u00e9e.<\/p>\n<p>\u00c0 Campra, les amoureux de la nature, les familles et les amantes de sport trouveront leur compte, tout comme les romantiques et les personnes en qu\u00eate de calme. Nos h\u00f4tes louent souvent l&rsquo;\u00e9nergie positive que l&rsquo;on ressent \u00e0 Campra.[\/vc_column_text]<div class=\"dfd-spacer-module\"  data-units=\"px\" data-wide_resolution=\"1280\" data-wide_size=\"60\" data-normal_resolution=\"1024\" data-normal_size=\"60\" data-tablet_resolution=\"800\" data-tablet_size=\"60\" data-mobile_resolution=\"480\" data-mobile_size=\"30\" style=\"height: 60px;\"><\/div>[vc_column_text]Nous vous invitons \u00e0 venir nous voir et \u00e0 vous r\u00e9galer ![\/vc_column_text][\/vc_column_inner][\/vc_row_inner][\/vc_column][vc_column width=\u00a0\u00bb1\/2&Prime; css=\u00a0\u00bb.vc_custom_1586934619688{background-position: center !important;background-repeat: no-repeat !important;background-size: cover !important;}\u00a0\u00bb col_shadow=\u00a0\u00bbbox_shadow_enable:disable|shadow_horizontal:0|shadow_vertical:15|shadow_blur:50|shadow_spread:0|box_shadow_color:rgba(0%2C0%2C0%2C0.35)\u00a0\u00bb col_shadow_hover=\u00a0\u00bbbox_shadow_enable:disable|shadow_horizontal:0|shadow_vertical:15|shadow_blur:50|shadow_spread:0|box_shadow_color:rgba(0%2C0%2C0%2C0.35)\u00a0\u00bb]<div class=\"dfd-spacer-module\"  data-units=\"px\" data-wide_resolution=\"1280\" data-wide_size=\"300\" data-normal_resolution=\"1024\" data-normal_size=\"250\" data-tablet_resolution=\"800\" data-tablet_size=\"200\" data-mobile_resolution=\"480\" data-mobile_size=\"0\" style=\"height: 300px;\"><\/div>[vc_single_image image=\u00a0\u00bb29381&Prime; img_size=\u00a0\u00bbfull\u00a0\u00bb css_animation=\u00a0\u00bbslideInRight\u00a0\u00bb][\/vc_column][\/vc_row][vc_row][vc_column]<div class=\"dfd-spacer-module\"  data-units=\"px\" data-wide_resolution=\"1280\" data-wide_size=\"150\" data-normal_resolution=\"1024\" data-normal_size=\"100\" data-tablet_resolution=\"800\" data-tablet_size=\"100\" data-mobile_resolution=\"480\" data-mobile_size=\"0\" style=\"height: 150px;\"><\/div>[\/vc_column][\/vc_row]<\/p>\n<\/div>","protected":false},"excerpt":{"rendered":"<p>[vc_row dfd_bg_style=\u00a0\u00bbimage\u00a0\u00bb dfd_bg_image_new=\u00a0\u00bb34273&Prime; dfd_bg_image_repeat=\u00a0\u00bbno-repeat\u00a0\u00bb dfd_bg_image_position=\u00a0\u00bb50% 50%\u00a0\u00bb dfd_row_config=\u00a0\u00bbfull_width_content\u00a0\u00bb][vc_column][\/vc_column][\/vc_row][vc_row dfd_row_config=\u00a0\u00bbfull_width_content\u00a0\u00bb][vc_column width=\u00a0\u00bb1\/2&Prime; dfd_column_responsive_enable=\u00a0\u00bbdfd-column-responsive-enable\u00a0\u00bb css=\u00a0\u00bb.vc_custom_1585212720123{padding-top: 100px !important;padding-right: 100px !important;padding-bottom: 100px !important;padding-left: 100px !important;}\u00a0\u00bb col_shadow=\u00a0\u00bbbox_shadow_enable:disable|shadow_horizontal:0|shadow_vertical:15|shadow_blur:50|shadow_spread:0|box_shadow_color:rgba(0%2C0%2C0%2C0.35)\u00a0\u00bb col_shadow_hover=\u00a0\u00bbbox_shadow_enable:disable|shadow_horizontal:0|shadow_vertical:15|shadow_blur:50|shadow_spread:0|box_shadow_color:rgba(0%2C0%2C0%2C0.35)\u00a0\u00bb responsive_styles=\u00a0\u00bbpadding_top_desktop:80|padding_bottom_desktop:80|padding_left_desktop:30|padding_right_desktop:30|padding_top_tablet:60|padding_bottom_tablet:60|padding_left_tablet:30|padding_right_tablet:30|padding_top_mobile:60|padding_bottom_mobile:60|padding_left_mobile:30|padding_right_mobile:30&Prime;][vc_row_inner][vc_column_inner dfd_column_responsive_enable=\u00a0\u00bbdfd-column-responsive-enable\u00a0\u00bb col_inner_shadow=\u00a0\u00bbbox_shadow_enable:disable|shadow_horizontal:0|shadow_vertical:15|shadow_blur:50|shadow_spread:0|box_shadow_color:rgba(0%2C0%2C0%2C0.35)\u00a0\u00bb col_inner_shadow_hover=\u00a0\u00bbbox_shadow_enable:disable|shadow_horizontal:0|shadow_vertical:15|shadow_blur:50|shadow_spread:0|box_shadow_color:rgba(0%2C0%2C0%2C0.35)\u00a0\u00bb responsive_styles=\u00a0\u00bbpadding_left_desktop:50|padding_right_desktop:50|padding_left_tablet:30|padding_right_tablet:30&Prime;][vc_column_text]Le Campra Alpine Lodge et<\/p>\n","protected":false},"author":2,"featured_media":0,"parent":0,"menu_order":0,"comment_status":"closed","ping_status":"closed","template":"page-custom.php","meta":{"inline_featured_image":false,"_monsterinsights_skip_tracking":false,"_monsterinsights_sitenote_active":false,"_monsterinsights_sitenote_note":"","_monsterinsights_sitenote_category":0,"footnotes":""},"class_list":["post-36757","page","type-page","status-publish","hentry"],"yoast_head":"<!-- This site is optimized with the Yoast SEO plugin v27.3 - https:\/\/yoast.com\/product\/yoast-seo-wordpress\/ -->\n<title>\u00c0 propos de nous - Campra Alpine Lodge &amp; Spa<\/title>\n<meta name=\"description\" content=\"Une salle multifonctionnelle pour vos banquets et r\u00e9ceptions, pour les soci\u00e9t\u00e9s et personnes priv\u00e9es.\" \/>\n<meta name=\"robots\" content=\"index, follow, max-snippet:-1, max-image-preview:large, max-video-preview:-1\" \/>\n<link rel=\"canonical\" href=\"https:\/\/campralodge.ch\/fr\/a-propos-de-nous\/\" \/>\n<meta property=\"og:locale\" content=\"fr_FR\" \/>\n<meta property=\"og:type\" content=\"article\" \/>\n<meta property=\"og:title\" content=\"\u00c0 propos de nous - Campra Alpine Lodge &amp; Spa\" \/>\n<meta property=\"og:description\" content=\"Une salle multifonctionnelle pour vos banquets et r\u00e9ceptions, pour les soci\u00e9t\u00e9s et personnes priv\u00e9es.\" \/>\n<meta property=\"og:url\" content=\"https:\/\/campralodge.ch\/fr\/a-propos-de-nous\/\" \/>\n<meta property=\"og:site_name\" content=\"Campra Alpine Lodge &amp; Spa\" \/>\n<meta property=\"article:publisher\" content=\"https:\/\/www.facebook.com\/campralodge\/?modal=admin_todo_tour\" \/>\n<meta property=\"og:image\" content=\"https:\/\/campralodge.ch\/wp-content\/uploads\/2020\/04\/campra_lodge_meetings_eventi2.jpg\" \/>\n<meta name=\"twitter:card\" content=\"summary_large_image\" \/>\n<meta name=\"twitter:label1\" content=\"Dur\u00e9e de lecture estim\u00e9e\" \/>\n\t<meta name=\"twitter:data1\" content=\"2 minutes\" \/>\n<script type=\"application\/ld+json\" class=\"yoast-schema-graph\">{\"@context\":\"https:\\\/\\\/schema.org\",\"@graph\":[{\"@type\":\"WebPage\",\"@id\":\"https:\\\/\\\/campralodge.ch\\\/fr\\\/a-propos-de-nous\\\/\",\"url\":\"https:\\\/\\\/campralodge.ch\\\/fr\\\/a-propos-de-nous\\\/\",\"name\":\"\u00c0 propos de nous - Campra Alpine Lodge &amp; Spa\",\"isPartOf\":{\"@id\":\"https:\\\/\\\/campralodge.ch\\\/fr\\\/#website\"},\"datePublished\":\"2024-02-12T09:57:18+00:00\",\"description\":\"Une salle multifonctionnelle pour vos banquets et r\u00e9ceptions, pour les soci\u00e9t\u00e9s et personnes priv\u00e9es.\",\"breadcrumb\":{\"@id\":\"https:\\\/\\\/campralodge.ch\\\/fr\\\/a-propos-de-nous\\\/#breadcrumb\"},\"inLanguage\":\"fr-FR\",\"potentialAction\":[{\"@type\":\"ReadAction\",\"target\":[\"https:\\\/\\\/campralodge.ch\\\/fr\\\/a-propos-de-nous\\\/\"]}]},{\"@type\":\"BreadcrumbList\",\"@id\":\"https:\\\/\\\/campralodge.ch\\\/fr\\\/a-propos-de-nous\\\/#breadcrumb\",\"itemListElement\":[{\"@type\":\"ListItem\",\"position\":1,\"name\":\"Home\",\"item\":\"https:\\\/\\\/campralodge.ch\\\/fr\\\/\"},{\"@type\":\"ListItem\",\"position\":2,\"name\":\"\u00c0 propos de nous\"}]},{\"@type\":\"WebSite\",\"@id\":\"https:\\\/\\\/campralodge.ch\\\/fr\\\/#website\",\"url\":\"https:\\\/\\\/campralodge.ch\\\/fr\\\/\",\"name\":\"Campra Alpine Lodge &amp; Spa\",\"description\":\"Valle di Blenio\",\"publisher\":{\"@id\":\"https:\\\/\\\/campralodge.ch\\\/fr\\\/#organization\"},\"potentialAction\":[{\"@type\":\"SearchAction\",\"target\":{\"@type\":\"EntryPoint\",\"urlTemplate\":\"https:\\\/\\\/campralodge.ch\\\/fr\\\/?s={search_term_string}\"},\"query-input\":{\"@type\":\"PropertyValueSpecification\",\"valueRequired\":true,\"valueName\":\"search_term_string\"}}],\"inLanguage\":\"fr-FR\"},{\"@type\":\"Organization\",\"@id\":\"https:\\\/\\\/campralodge.ch\\\/fr\\\/#organization\",\"name\":\"Campra Alpine Lodge & Spa\",\"url\":\"https:\\\/\\\/campralodge.ch\\\/fr\\\/\",\"logo\":{\"@type\":\"ImageObject\",\"inLanguage\":\"fr-FR\",\"@id\":\"https:\\\/\\\/campralodge.ch\\\/fr\\\/#\\\/schema\\\/logo\\\/image\\\/\",\"url\":\"https:\\\/\\\/campralodge.ch\\\/wp-content\\\/uploads\\\/2020\\\/04\\\/campralodge_logo_positivo.svg\",\"contentUrl\":\"https:\\\/\\\/campralodge.ch\\\/wp-content\\\/uploads\\\/2020\\\/04\\\/campralodge_logo_positivo.svg\",\"width\":\"1024\",\"height\":\"1024\",\"caption\":\"Campra Alpine Lodge & Spa\"},\"image\":{\"@id\":\"https:\\\/\\\/campralodge.ch\\\/fr\\\/#\\\/schema\\\/logo\\\/image\\\/\"},\"sameAs\":[\"https:\\\/\\\/www.facebook.com\\\/campralodge\\\/?modal=admin_todo_tour\",\"https:\\\/\\\/www.instagram.com\\\/campralodge\\\/\"]}]}<\/script>\n<!-- \/ Yoast SEO plugin. -->","yoast_head_json":{"title":"\u00c0 propos de nous - Campra Alpine Lodge &amp; Spa","description":"Une salle multifonctionnelle pour vos banquets et r\u00e9ceptions, pour les soci\u00e9t\u00e9s et personnes priv\u00e9es.","robots":{"index":"index","follow":"follow","max-snippet":"max-snippet:-1","max-image-preview":"max-image-preview:large","max-video-preview":"max-video-preview:-1"},"canonical":"https:\/\/campralodge.ch\/fr\/a-propos-de-nous\/","og_locale":"fr_FR","og_type":"article","og_title":"\u00c0 propos de nous - Campra Alpine Lodge &amp; Spa","og_description":"Une salle multifonctionnelle pour vos banquets et r\u00e9ceptions, pour les soci\u00e9t\u00e9s et personnes priv\u00e9es.","og_url":"https:\/\/campralodge.ch\/fr\/a-propos-de-nous\/","og_site_name":"Campra Alpine Lodge &amp; Spa","article_publisher":"https:\/\/www.facebook.com\/campralodge\/?modal=admin_todo_tour","og_image":[{"url":"https:\/\/campralodge.ch\/wp-content\/uploads\/2020\/04\/campra_lodge_meetings_eventi2.jpg","type":"","width":"","height":""}],"twitter_card":"summary_large_image","twitter_misc":{"Dur\u00e9e de lecture estim\u00e9e":"2 minutes"},"schema":{"@context":"https:\/\/schema.org","@graph":[{"@type":"WebPage","@id":"https:\/\/campralodge.ch\/fr\/a-propos-de-nous\/","url":"https:\/\/campralodge.ch\/fr\/a-propos-de-nous\/","name":"\u00c0 propos de nous - Campra Alpine Lodge &amp; Spa","isPartOf":{"@id":"https:\/\/campralodge.ch\/fr\/#website"},"datePublished":"2024-02-12T09:57:18+00:00","description":"Une salle multifonctionnelle pour vos banquets et r\u00e9ceptions, pour les soci\u00e9t\u00e9s et personnes priv\u00e9es.","breadcrumb":{"@id":"https:\/\/campralodge.ch\/fr\/a-propos-de-nous\/#breadcrumb"},"inLanguage":"fr-FR","potentialAction":[{"@type":"ReadAction","target":["https:\/\/campralodge.ch\/fr\/a-propos-de-nous\/"]}]},{"@type":"BreadcrumbList","@id":"https:\/\/campralodge.ch\/fr\/a-propos-de-nous\/#breadcrumb","itemListElement":[{"@type":"ListItem","position":1,"name":"Home","item":"https:\/\/campralodge.ch\/fr\/"},{"@type":"ListItem","position":2,"name":"\u00c0 propos de nous"}]},{"@type":"WebSite","@id":"https:\/\/campralodge.ch\/fr\/#website","url":"https:\/\/campralodge.ch\/fr\/","name":"Campra Alpine Lodge &amp; Spa","description":"Valle di Blenio","publisher":{"@id":"https:\/\/campralodge.ch\/fr\/#organization"},"potentialAction":[{"@type":"SearchAction","target":{"@type":"EntryPoint","urlTemplate":"https:\/\/campralodge.ch\/fr\/?s={search_term_string}"},"query-input":{"@type":"PropertyValueSpecification","valueRequired":true,"valueName":"search_term_string"}}],"inLanguage":"fr-FR"},{"@type":"Organization","@id":"https:\/\/campralodge.ch\/fr\/#organization","name":"Campra Alpine Lodge & Spa","url":"https:\/\/campralodge.ch\/fr\/","logo":{"@type":"ImageObject","inLanguage":"fr-FR","@id":"https:\/\/campralodge.ch\/fr\/#\/schema\/logo\/image\/","url":"https:\/\/campralodge.ch\/wp-content\/uploads\/2020\/04\/campralodge_logo_positivo.svg","contentUrl":"https:\/\/campralodge.ch\/wp-content\/uploads\/2020\/04\/campralodge_logo_positivo.svg","width":"1024","height":"1024","caption":"Campra Alpine Lodge & Spa"},"image":{"@id":"https:\/\/campralodge.ch\/fr\/#\/schema\/logo\/image\/"},"sameAs":["https:\/\/www.facebook.com\/campralodge\/?modal=admin_todo_tour","https:\/\/www.instagram.com\/campralodge\/"]}]}},"_links":{"self":[{"href":"https:\/\/campralodge.ch\/fr\/wp-json\/wp\/v2\/pages\/36757","targetHints":{"allow":["GET"]}}],"collection":[{"href":"https:\/\/campralodge.ch\/fr\/wp-json\/wp\/v2\/pages"}],"about":[{"href":"https:\/\/campralodge.ch\/fr\/wp-json\/wp\/v2\/types\/page"}],"author":[{"embeddable":true,"href":"https:\/\/campralodge.ch\/fr\/wp-json\/wp\/v2\/users\/2"}],"replies":[{"embeddable":true,"href":"https:\/\/campralodge.ch\/fr\/wp-json\/wp\/v2\/comments?post=36757"}],"version-history":[{"count":5,"href":"https:\/\/campralodge.ch\/fr\/wp-json\/wp\/v2\/pages\/36757\/revisions"}],"predecessor-version":[{"id":36777,"href":"https:\/\/campralodge.ch\/fr\/wp-json\/wp\/v2\/pages\/36757\/revisions\/36777"}],"wp:attachment":[{"href":"https:\/\/campralodge.ch\/fr\/wp-json\/wp\/v2\/media?parent=36757"}],"curies":[{"name":"wp","href":"https:\/\/api.w.org\/{rel}","templated":true}]}}