{"id":34368,"date":"2022-06-28T15:19:13","date_gmt":"2022-06-28T13:19:13","guid":{"rendered":"https:\/\/campralodge.ch\/?page_id=34368"},"modified":"2022-11-15T13:26:18","modified_gmt":"2022-11-15T12:26:18","slug":"activites","status":"publish","type":"page","link":"https:\/\/campralodge.ch\/fr\/activites\/","title":{"rendered":"Activit\u00e9s"},"content":{"rendered":"","protected":false},"excerpt":{"rendered":"","protected":false},"author":2,"featured_media":0,"parent":0,"menu_order":0,"comment_status":"closed","ping_status":"closed","template":"tmp-portfolio.php","meta":{"inline_featured_image":false,"_monsterinsights_skip_tracking":false,"_monsterinsights_sitenote_active":false,"_monsterinsights_sitenote_note":"","_monsterinsights_sitenote_category":0,"footnotes":""},"class_list":["post-34368","page","type-page","status-publish","hentry"],"yoast_head":"<!-- This site is optimized with the Yoast SEO plugin v27.4 - https:\/\/yoast.com\/product\/yoast-seo-wordpress\/ -->\n<title>Activit\u00e9s d&#039;hiver et d&#039;\u00e9t\u00e9 \u00e0 Campra - Campra Alpine Lodge &amp; Spa<\/title>\n<meta name=\"description\" content=\"Un large choix d&#039;activit\u00e9s \u00e0 Campra. Que votre passion soit le VTT, la randonn\u00e9e ou le ski de fond, vous serez \u00e9bloui par la nature immersive de la r\u00e9gion du Lucomagno et Campra.\" \/>\n<meta name=\"robots\" content=\"index, follow, max-snippet:-1, max-image-preview:large, max-video-preview:-1\" \/>\n<link rel=\"canonical\" href=\"https:\/\/campralodge.ch\/fr\/activites\/\" \/>\n<meta property=\"og:locale\" content=\"fr_FR\" \/>\n<meta property=\"og:type\" content=\"article\" \/>\n<meta property=\"og:title\" content=\"Activit\u00e9s d&#039;hiver et d&#039;\u00e9t\u00e9 \u00e0 Campra - Campra Alpine Lodge &amp; Spa\" \/>\n<meta property=\"og:description\" content=\"Un large choix d&#039;activit\u00e9s \u00e0 Campra. Que votre passion soit le VTT, la randonn\u00e9e ou le ski de fond, vous serez \u00e9bloui par la nature immersive de la r\u00e9gion du Lucomagno et Campra.\" \/>\n<meta property=\"og:url\" content=\"https:\/\/campralodge.ch\/fr\/activites\/\" \/>\n<meta property=\"og:site_name\" content=\"Campra Alpine Lodge &amp; Spa\" \/>\n<meta property=\"article:publisher\" content=\"https:\/\/www.facebook.com\/campralodge\/?modal=admin_todo_tour\" \/>\n<meta property=\"article:modified_time\" content=\"2022-11-15T12:26:18+00:00\" \/>\n<meta property=\"og:image\" content=\"https:\/\/campralodge.ch\/wp-content\/uploads\/2020\/07\/DSC_3133web.jpg\" \/>\n\t<meta property=\"og:image:width\" content=\"2500\" \/>\n\t<meta property=\"og:image:height\" content=\"1667\" \/>\n\t<meta property=\"og:image:type\" content=\"image\/jpeg\" \/>\n<meta name=\"twitter:card\" content=\"summary_large_image\" \/>\n<script type=\"application\/ld+json\" class=\"yoast-schema-graph\">{\"@context\":\"https:\\\/\\\/schema.org\",\"@graph\":[{\"@type\":\"WebPage\",\"@id\":\"https:\\\/\\\/campralodge.ch\\\/fr\\\/activites\\\/\",\"url\":\"https:\\\/\\\/campralodge.ch\\\/fr\\\/activites\\\/\",\"name\":\"Activit\u00e9s d'hiver et d'\u00e9t\u00e9 \u00e0 Campra - Campra Alpine Lodge &amp; Spa\",\"isPartOf\":{\"@id\":\"https:\\\/\\\/campralodge.ch\\\/fr\\\/#website\"},\"datePublished\":\"2022-06-28T13:19:13+00:00\",\"dateModified\":\"2022-11-15T12:26:18+00:00\",\"description\":\"Un large choix d'activit\u00e9s \u00e0 Campra. Que votre passion soit le VTT, la randonn\u00e9e ou le ski de fond, vous serez \u00e9bloui par la nature immersive de la r\u00e9gion du Lucomagno et Campra.\",\"breadcrumb\":{\"@id\":\"https:\\\/\\\/campralodge.ch\\\/fr\\\/activites\\\/#breadcrumb\"},\"inLanguage\":\"fr-FR\",\"potentialAction\":[{\"@type\":\"ReadAction\",\"target\":[\"https:\\\/\\\/campralodge.ch\\\/fr\\\/activites\\\/\"]}]},{\"@type\":\"BreadcrumbList\",\"@id\":\"https:\\\/\\\/campralodge.ch\\\/fr\\\/activites\\\/#breadcrumb\",\"itemListElement\":[{\"@type\":\"ListItem\",\"position\":1,\"name\":\"Home\",\"item\":\"https:\\\/\\\/campralodge.ch\\\/fr\\\/\"},{\"@type\":\"ListItem\",\"position\":2,\"name\":\"Activit\u00e9s\"}]},{\"@type\":\"WebSite\",\"@id\":\"https:\\\/\\\/campralodge.ch\\\/fr\\\/#website\",\"url\":\"https:\\\/\\\/campralodge.ch\\\/fr\\\/\",\"name\":\"Campra Alpine Lodge &amp; Spa\",\"description\":\"Valle di Blenio\",\"publisher\":{\"@id\":\"https:\\\/\\\/campralodge.ch\\\/fr\\\/#organization\"},\"potentialAction\":[{\"@type\":\"SearchAction\",\"target\":{\"@type\":\"EntryPoint\",\"urlTemplate\":\"https:\\\/\\\/campralodge.ch\\\/fr\\\/?s={search_term_string}\"},\"query-input\":{\"@type\":\"PropertyValueSpecification\",\"valueRequired\":true,\"valueName\":\"search_term_string\"}}],\"inLanguage\":\"fr-FR\"},{\"@type\":\"Organization\",\"@id\":\"https:\\\/\\\/campralodge.ch\\\/fr\\\/#organization\",\"name\":\"Campra Alpine Lodge & Spa\",\"url\":\"https:\\\/\\\/campralodge.ch\\\/fr\\\/\",\"logo\":{\"@type\":\"ImageObject\",\"inLanguage\":\"fr-FR\",\"@id\":\"https:\\\/\\\/campralodge.ch\\\/fr\\\/#\\\/schema\\\/logo\\\/image\\\/\",\"url\":\"https:\\\/\\\/campralodge.ch\\\/wp-content\\\/uploads\\\/2020\\\/04\\\/campralodge_logo_positivo.svg\",\"contentUrl\":\"https:\\\/\\\/campralodge.ch\\\/wp-content\\\/uploads\\\/2020\\\/04\\\/campralodge_logo_positivo.svg\",\"width\":\"1024\",\"height\":\"1024\",\"caption\":\"Campra Alpine Lodge & Spa\"},\"image\":{\"@id\":\"https:\\\/\\\/campralodge.ch\\\/fr\\\/#\\\/schema\\\/logo\\\/image\\\/\"},\"sameAs\":[\"https:\\\/\\\/www.facebook.com\\\/campralodge\\\/?modal=admin_todo_tour\",\"https:\\\/\\\/www.instagram.com\\\/campralodge\\\/\"]}]}<\/script>\n<!-- \/ Yoast SEO plugin. -->","yoast_head_json":{"title":"Activit\u00e9s d'hiver et d'\u00e9t\u00e9 \u00e0 Campra - Campra Alpine Lodge &amp; Spa","description":"Un large choix d'activit\u00e9s \u00e0 Campra. Que votre passion soit le VTT, la randonn\u00e9e ou le ski de fond, vous serez \u00e9bloui par la nature immersive de la r\u00e9gion du Lucomagno et Campra.","robots":{"index":"index","follow":"follow","max-snippet":"max-snippet:-1","max-image-preview":"max-image-preview:large","max-video-preview":"max-video-preview:-1"},"canonical":"https:\/\/campralodge.ch\/fr\/activites\/","og_locale":"fr_FR","og_type":"article","og_title":"Activit\u00e9s d'hiver et d'\u00e9t\u00e9 \u00e0 Campra - Campra Alpine Lodge &amp; Spa","og_description":"Un large choix d'activit\u00e9s \u00e0 Campra. Que votre passion soit le VTT, la randonn\u00e9e ou le ski de fond, vous serez \u00e9bloui par la nature immersive de la r\u00e9gion du Lucomagno et Campra.","og_url":"https:\/\/campralodge.ch\/fr\/activites\/","og_site_name":"Campra Alpine Lodge &amp; Spa","article_publisher":"https:\/\/www.facebook.com\/campralodge\/?modal=admin_todo_tour","article_modified_time":"2022-11-15T12:26:18+00:00","og_image":[{"width":2500,"height":1667,"url":"https:\/\/campralodge.ch\/wp-content\/uploads\/2020\/07\/DSC_3133web.jpg","type":"image\/jpeg"}],"twitter_card":"summary_large_image","schema":{"@context":"https:\/\/schema.org","@graph":[{"@type":"WebPage","@id":"https:\/\/campralodge.ch\/fr\/activites\/","url":"https:\/\/campralodge.ch\/fr\/activites\/","name":"Activit\u00e9s d'hiver et d'\u00e9t\u00e9 \u00e0 Campra - Campra Alpine Lodge &amp; Spa","isPartOf":{"@id":"https:\/\/campralodge.ch\/fr\/#website"},"datePublished":"2022-06-28T13:19:13+00:00","dateModified":"2022-11-15T12:26:18+00:00","description":"Un large choix d'activit\u00e9s \u00e0 Campra. Que votre passion soit le VTT, la randonn\u00e9e ou le ski de fond, vous serez \u00e9bloui par la nature immersive de la r\u00e9gion du Lucomagno et Campra.","breadcrumb":{"@id":"https:\/\/campralodge.ch\/fr\/activites\/#breadcrumb"},"inLanguage":"fr-FR","potentialAction":[{"@type":"ReadAction","target":["https:\/\/campralodge.ch\/fr\/activites\/"]}]},{"@type":"BreadcrumbList","@id":"https:\/\/campralodge.ch\/fr\/activites\/#breadcrumb","itemListElement":[{"@type":"ListItem","position":1,"name":"Home","item":"https:\/\/campralodge.ch\/fr\/"},{"@type":"ListItem","position":2,"name":"Activit\u00e9s"}]},{"@type":"WebSite","@id":"https:\/\/campralodge.ch\/fr\/#website","url":"https:\/\/campralodge.ch\/fr\/","name":"Campra Alpine Lodge &amp; Spa","description":"Valle di Blenio","publisher":{"@id":"https:\/\/campralodge.ch\/fr\/#organization"},"potentialAction":[{"@type":"SearchAction","target":{"@type":"EntryPoint","urlTemplate":"https:\/\/campralodge.ch\/fr\/?s={search_term_string}"},"query-input":{"@type":"PropertyValueSpecification","valueRequired":true,"valueName":"search_term_string"}}],"inLanguage":"fr-FR"},{"@type":"Organization","@id":"https:\/\/campralodge.ch\/fr\/#organization","name":"Campra Alpine Lodge & Spa","url":"https:\/\/campralodge.ch\/fr\/","logo":{"@type":"ImageObject","inLanguage":"fr-FR","@id":"https:\/\/campralodge.ch\/fr\/#\/schema\/logo\/image\/","url":"https:\/\/campralodge.ch\/wp-content\/uploads\/2020\/04\/campralodge_logo_positivo.svg","contentUrl":"https:\/\/campralodge.ch\/wp-content\/uploads\/2020\/04\/campralodge_logo_positivo.svg","width":"1024","height":"1024","caption":"Campra Alpine Lodge & Spa"},"image":{"@id":"https:\/\/campralodge.ch\/fr\/#\/schema\/logo\/image\/"},"sameAs":["https:\/\/www.facebook.com\/campralodge\/?modal=admin_todo_tour","https:\/\/www.instagram.com\/campralodge\/"]}]}},"_links":{"self":[{"href":"https:\/\/campralodge.ch\/fr\/wp-json\/wp\/v2\/pages\/34368","targetHints":{"allow":["GET"]}}],"collection":[{"href":"https:\/\/campralodge.ch\/fr\/wp-json\/wp\/v2\/pages"}],"about":[{"href":"https:\/\/campralodge.ch\/fr\/wp-json\/wp\/v2\/types\/page"}],"author":[{"embeddable":true,"href":"https:\/\/campralodge.ch\/fr\/wp-json\/wp\/v2\/users\/2"}],"replies":[{"embeddable":true,"href":"https:\/\/campralodge.ch\/fr\/wp-json\/wp\/v2\/comments?post=34368"}],"version-history":[{"count":5,"href":"https:\/\/campralodge.ch\/fr\/wp-json\/wp\/v2\/pages\/34368\/revisions"}],"predecessor-version":[{"id":36265,"href":"https:\/\/campralodge.ch\/fr\/wp-json\/wp\/v2\/pages\/34368\/revisions\/36265"}],"wp:attachment":[{"href":"https:\/\/campralodge.ch\/fr\/wp-json\/wp\/v2\/media?parent=34368"}],"curies":[{"name":"wp","href":"https:\/\/api.w.org\/{rel}","templated":true}]}}