{"id":30503,"date":"2020-05-28T08:24:46","date_gmt":"2020-05-28T06:24:46","guid":{"rendered":"https:\/\/campralodge.ch\/privacy-policy\/"},"modified":"2020-05-28T08:24:46","modified_gmt":"2020-05-28T06:24:46","slug":"privacy-policy","status":"publish","type":"page","link":"https:\/\/campralodge.ch\/fr\/privacy-policy\/","title":{"rendered":"Privacy Policy"},"content":{"rendered":"<div class=\"wpb-content-wrapper\"><p>[vc_row][vc_column]<div class=\"dfd-spacer-module\"  data-units=\"px\" data-wide_resolution=\"1280\" data-wide_size=\"150\" data-normal_resolution=\"1024\" data-normal_size=\"100\" data-tablet_resolution=\"800\" data-tablet_size=\"100\" data-mobile_resolution=\"480\" data-mobile_size=\"80\" style=\"height: 150px;\"><\/div>[\/vc_column][\/vc_row][vc_row][vc_column width=\u00a0\u00bb1\/6&Prime; col_shadow=\u00a0\u00bbbox_shadow_enable:disable|shadow_horizontal:0|shadow_vertical:15|shadow_blur:50|shadow_spread:0|box_shadow_color:rgba(0%2C0%2C0%2C0.35)\u00a0\u00bb col_shadow_hover=\u00a0\u00bbbox_shadow_enable:disable|shadow_horizontal:0|shadow_vertical:15|shadow_blur:50|shadow_spread:0|box_shadow_color:rgba(0%2C0%2C0%2C0.35)\u00a0\u00bb][\/vc_column][vc_column width=\u00a0\u00bb2\/3&Prime; dfd_column_responsive_enable=\u00a0\u00bbdfd-column-responsive-enable\u00a0\u00bb col_shadow=\u00a0\u00bbbox_shadow_enable:disable|shadow_horizontal:0|shadow_vertical:15|shadow_blur:50|shadow_spread:0|box_shadow_color:rgba(0%2C0%2C0%2C0.35)\u00a0\u00bb col_shadow_hover=\u00a0\u00bbbox_shadow_enable:disable|shadow_horizontal:0|shadow_vertical:15|shadow_blur:50|shadow_spread:0|box_shadow_color:rgba(0%2C0%2C0%2C0.35)\u00a0\u00bb responsive_styles=\u00a0\u00bbpadding_left_mobile:30|padding_right_mobile:30&Prime;][vc_column_text]<strong>PRIVACY POLICY<br \/>\n<\/strong><\/p>\n<p><strong>Lo scopo dell&rsquo;informativa<\/strong><br \/>\nLo scopo di questa pagina \u00e8 descrivere le modalit\u00e0 di gestione del sito in riferimento al trattamento dei dati personali degli utenti che lo consultano, i quali saranno trattati secondo regole di liceit\u00e0, correttezza, pertinenza e non eccedenza.<\/p>\n<p>Si tratta di un\u2019informativa che \u00e8 resa a coloro che interagiscono con i servizi web di Campra Alpine Lodge &amp; Spa, accessibili per via internet a partire dall\u2019indirizzo: www.campralodge.ch, corrispondente alla pagina iniziale del sito ufficiale di Campra Alpine Lodge &amp; Spa.<\/p>\n<p>L\u2019informativa \u00e8 resa solo per il sito di Campra Alpine Lodge &amp; Spa, e non anche per altri siti web eventualmente consultati dall\u2019utente tramite link.<\/p>\n<p><strong>Titolare e responsabile<\/strong><br \/>\nIl Titolare dei trattamenti descritti \u00e8 Campra Alpine Lodge &amp; Spa, con sede in Zona Campra 1, CH-6718 Olivone.<br \/>\nLe operazioni di trattamento saranno effettuate da Incaricati designati dal Titolare e\/o dal Responsabile del trattamento, i quali opereranno sotto la loro diretta autorit\u00e0 nel rispetto delle istruzioni ricevute.<\/p>\n<p><strong>Tipi di dati trattati<\/strong><\/p>\n<p><em>Dati di navigazione<\/em><br \/>\nI sistemi informatici e le procedure software preposte al funzionamento di questo sito web acquisiscono, nel corso del loro normale esercizio, alcuni dati personali (c.d. log files) la cui trasmissione \u00e8 implicita nell\u2019uso dei protocolli di comunicazione di Internet.<\/p>\n<p>Si tratta di informazioni che non sono raccolte per essere associate a interessati identificati, ma che per loro stessa natura potrebbero, attraverso elaborazioni ed associazioni con dati detenuti da terzi, permettere di identificare gli utenti.<\/p>\n<p>In questa categoria di dati rientrano gli indirizzi IP o i nomi a dominio dei computer utilizzati dagli utenti che si connettono al sito, gli indirizzi in notazione URI (Uniform Resource Identifier) delle risorse richieste, l\u2019orario della richiesta, il metodo utilizzato nel sottoporre la richiesta al server, la dimensione del file ottenuto in risposta, il codice numerico indicante lo stato della risposta data dal server (buon fine, errore, ecc.) ed altri parametri relativi al sistema operativo e all\u2019ambiente informatico dell\u2019utente.<\/p>\n<p>Questi dati vengono utilizzati al solo fine di ricavare informazioni statistiche anonime sull\u2019uso del sito e per controllarne il corretto funzionamento. I dati potrebbero essere utilizzati per l\u2019accertamento di responsabilit\u00e0 in caso di ipotetici reati informatici ai danni del sito e potranno essere esibiti all\u2019Autorit\u00e0 Giudiziaria, qualora questa ne faccia esplicita richiesta.<\/p>\n<p><em>Dati di statistica<br \/>\n<\/em>Questo sito web utilizza Google Analytics, un servizio di analisi web fornito da Google, Inc. (\u201cGoogle\u201d). Google Analytics utilizza dei \u201ccookies\u201d, che sono file di testo che vengono depositati sul Vostro computer per consentire al sito web di analizzare come gli utenti utilizzano il sito. Le informazioni generate dal cookie sull\u2019utilizzo del sito web da parte Vostra (compreso il Vostro indirizzo IP) verranno trasmesse a, e depositate presso i server di Google negli Stati Uniti. Google utilizzer\u00e0 queste informazioni allo scopo di tracciare e esaminare il Vostro utilizzo del sito web, compilare report sulle attivit\u00e0 del sito web per gli operatori del sito web e fornire altri servizi relativi alle attivit\u00e0 del sito web e all\u2019utilizzo di Internet. Google pu\u00f2 anche trasferire queste informazioni a terzi ove ci\u00f2 sia imposto dalla legge o laddove tali terzi trattino le suddette informazioni per conto di Google. Google non assocer\u00e0 il vostro indirizzo IP a nessun altro dato posseduto da Google. Potete rifiutarvi di usare i cookies selezionando l\u2019impostazione appropriata sul vostro browser, ma ci\u00f2 potrebbe impedirvi di utilizzare tutte le funzionalit\u00e0 di questo sito web. Utilizzando il presente sito web, voi acconsentite al trattamento dei Vostri dati da parte di Google per le modalit\u00e0 e i fini sopraindicati\u201d.<em><br \/>\n<\/em><\/p>\n<p><em>Dati forniti volontariamente dall\u2019utente<\/em><br \/>\nL\u2019invio facoltativo, esplicito e volontario di posta elettronica agli indirizzi indicati su questo sito comporta la successiva acquisizione dell\u2019indirizzo del mittente, necessario per rispondere alle richieste, nonch\u00e9 degli eventuali altri dati personali inseriti nella missiva.<\/p>\n<p>Specifiche informative di sintesi verranno progressivamente riportate o visualizzate nelle pagine del sito predisposte per particolari servizi a richiesta.[\/vc_column_text][\/vc_column][vc_column width=\u00a0\u00bb1\/6&Prime;][\/vc_column][\/vc_row][vc_row anchor=\u00a0\u00bbcookie\u00a0\u00bb][vc_column]<div class=\"dfd-spacer-module\"  data-units=\"px\" data-wide_resolution=\"1280\" data-wide_size=\"150\" data-normal_resolution=\"1024\" data-normal_size=\"100\" data-tablet_resolution=\"800\" data-tablet_size=\"100\" data-mobile_resolution=\"480\" data-mobile_size=\"80\" style=\"height: 150px;\"><\/div>[\/vc_column][\/vc_row][vc_row][vc_column width=\u00a0\u00bb1\/6&Prime; col_shadow=\u00a0\u00bbbox_shadow_enable:disable|shadow_horizontal:0|shadow_vertical:15|shadow_blur:50|shadow_spread:0|box_shadow_color:rgba(0%2C0%2C0%2C0.35)\u00a0\u00bb col_shadow_hover=\u00a0\u00bbbox_shadow_enable:disable|shadow_horizontal:0|shadow_vertical:15|shadow_blur:50|shadow_spread:0|box_shadow_color:rgba(0%2C0%2C0%2C0.35)\u00a0\u00bb][\/vc_column][vc_column width=\u00a0\u00bb2\/3&Prime; dfd_column_responsive_enable=\u00a0\u00bbdfd-column-responsive-enable\u00a0\u00bb col_shadow=\u00a0\u00bbbox_shadow_enable:disable|shadow_horizontal:0|shadow_vertical:15|shadow_blur:50|shadow_spread:0|box_shadow_color:rgba(0%2C0%2C0%2C0.35)\u00a0\u00bb col_shadow_hover=\u00a0\u00bbbox_shadow_enable:disable|shadow_horizontal:0|shadow_vertical:15|shadow_blur:50|shadow_spread:0|box_shadow_color:rgba(0%2C0%2C0%2C0.35)\u00a0\u00bb responsive_styles=\u00a0\u00bbpadding_left_mobile:30|padding_right_mobile:30&Prime;][vc_column_text]<strong>COOKIE<\/strong><\/p>\n<p><strong>Politica sui cookie<\/strong><br \/>\n\u00c8 necessario leggere questa politica per comprendere le informazioni che raccogliamo utilizzando i cookie e come vengono utilizzate tali informazioni.<br \/>\nScopri di pi\u00f9 su chi siamo, come puoi contattarci e come trattiamo i dati personali nella nostra privacy policy riportata qui sopra.<br \/>\nIl tuo consenso si applica ai seguenti domini: campralodge.ch<\/p>\n<p><strong>Cosa sono i cookie<\/strong><br \/>\nUn cookie \u00e8 un piccolo file di testo scambiato tra il sito internet visitato ed il computer che viene memorizzato su computer, tablet, smartphone, telefono cellulare e su qualunque dispositivo utilizzato per navigare in Internet, in grado di memorizzare le informazioni di navigazione dell\u2019utente e le sue preferenze. Quando si visita di nuovo lo stesso sito, il browser verifica la presenza di un cookie riconosciuto in modo da poter leggere le informazioni in esso contenute garantendo, in questo modo, una navigazione pi\u00f9 agevole per l\u2019utente.<br \/>\nI vari cookie contengono informazioni diverse e sono utilizzati per scopi differenti (esecuzione di autenticazioni informatiche, monitoraggio di sessioni, memorizzazione di informazioni su specifiche configurazioni riguardanti gli utenti che accedono al server, memorizzazione delle preferenze, ecc.). Nel corso della navigazione l\u2019utente pu\u00f2 ricevere sul suo computer anche cookie inviati da siti diversi (cosiddetti di terze parti), nei quali possono risiedere alcuni elementi presenti sul sito che l\u2019utente sta visitando (ad es. immagini, mappe, suoni, specifici link a pagine di altri domini, ecc.). Pi\u00f9 in generale, alcuni cookie (definiti cookie di sessione) sono memorizzati sul computer dell\u2019utente soltanto per la durata dell\u2019accesso al sito e scadono automaticamente alla chiusura del browser. Altri cookie, definiti persistenti, restano nel computer per un periodo prolungato.<\/p>\n<p><strong>Quali tipi di cookie utilizziamo?<\/strong><br \/>\n<em>Essenziali<\/em>: alcuni cookie sono essenziali per poter provare la piena funzionalit\u00e0 del nostro sito. Ci consentono di mantenere sessioni utente e prevenire eventuali minacce alla sicurezza. Non raccolgono n\u00e9 archiviano alcuna informazione personale.<\/p>\n<p><em>Statistici<\/em>: questi cookie memorizzano informazioni come il numero di visitatori del sito Web, il numero di visitatori unici, quali pagine del sito Web sono state visitate, l&rsquo;origine della visita, ecc. Questi dati ci aiutano a comprendere e analizzare il rendimento del sito Web e dove si possono apportare modifiche.<\/p>\n<p><em>Funzionali<\/em>: questi sono i cookie che aiutano alcune funzionalit\u00e0 non essenziali sul nostro sito Web. Queste funzionalit\u00e0 includono l&rsquo;incorporamento di contenuti come video o la condivisione di contenuti sul sito Web su piattaforme di social media.<\/p>\n<p>Preferenziali: questi cookie ci aiutano a memorizzare le tue impostazioni e le preferenze di navigazione come le preferenze della lingua in modo da avere un&rsquo;esperienza migliore ed efficiente nelle visite future al sito web.<\/p>\n<p><strong>Revoca e consenso all\u2019utilizzo dei cookie<\/strong><br \/>\nIl consenso assenso all\u2019utilizzo dei cookie viene concesso previo la navigazione del sito.<br \/>\nPer consentire la disattivazione dei cookie, si possono utilizzare le impostazioni specificatamente indicate nelle linee guida del browser in uso. Ogni browser dispone di impostazioni diverse per la disattivazione dei cookie.<\/p>\n<p><strong>Modalit\u00e0 del trattamento<\/strong><br \/>\nI dati personali sono trattati con strumenti automatizzati per il tempo strettamente necessario a conseguire gli scopi per cui sono stati raccolti.<br \/>\nSpecifiche misure di sicurezza sono osservate per prevenire la perdita dei dati, usi illeciti o non corretti ed accessi non autorizzati.<\/p>\n<p><strong>Modifiche alla cookie policy<\/strong><br \/>\nLa Societ\u00e0 si riserva la facolt\u00e0 di apportare delle modifiche alla presente cookie policy. L\u2019utente \u00e8 pertanto invitato a visitare periodicamente questa pagina per essere informato su eventuali variazioni.<\/p>\n<p>In ogni caso l\u2019interessato rester\u00e0 libero in ogni momento di revocare i consensi dallo stesso prestati, inviando senza formalit\u00e0 una comunicazione in tal senso a Campra Alpine Lodge &amp; Spa, all\u2019indirizzo <a href=\"mailto:info@campralodge.ch\">info@campralodge.ch<\/a>[\/vc_column_text][\/vc_column][vc_column width=\u00a0\u00bb1\/6&Prime;][\/vc_column][\/vc_row][vc_row][vc_column]<div class=\"dfd-spacer-module\"  data-units=\"px\" data-wide_resolution=\"1280\" data-wide_size=\"150\" data-normal_resolution=\"1024\" data-normal_size=\"100\" data-tablet_resolution=\"800\" data-tablet_size=\"100\" data-mobile_resolution=\"480\" data-mobile_size=\"80\" style=\"height: 150px;\"><\/div>[\/vc_column][\/vc_row]<\/p>\n<\/div>","protected":false},"excerpt":{"rendered":"<p>[vc_row][vc_column][\/vc_column][\/vc_row][vc_row][vc_column width=\u00a0\u00bb1\/6&Prime; col_shadow=\u00a0\u00bbbox_shadow_enable:disable|shadow_horizontal:0|shadow_vertical:15|shadow_blur:50|shadow_spread:0|box_shadow_color:rgba(0%2C0%2C0%2C0.35)\u00a0\u00bb col_shadow_hover=\u00a0\u00bbbox_shadow_enable:disable|shadow_horizontal:0|shadow_vertical:15|shadow_blur:50|shadow_spread:0|box_shadow_color:rgba(0%2C0%2C0%2C0.35)\u00a0\u00bb][\/vc_column][vc_column width=\u00a0\u00bb2\/3&Prime; dfd_column_responsive_enable=\u00a0\u00bbdfd-column-responsive-enable\u00a0\u00bb col_shadow=\u00a0\u00bbbox_shadow_enable:disable|shadow_horizontal:0|shadow_vertical:15|shadow_blur:50|shadow_spread:0|box_shadow_color:rgba(0%2C0%2C0%2C0.35)\u00a0\u00bb col_shadow_hover=\u00a0\u00bbbox_shadow_enable:disable|shadow_horizontal:0|shadow_vertical:15|shadow_blur:50|shadow_spread:0|box_shadow_color:rgba(0%2C0%2C0%2C0.35)\u00a0\u00bb responsive_styles=\u00a0\u00bbpadding_left_mobile:30|padding_right_mobile:30&Prime;][vc_column_text]PRIVACY POLICY Lo scopo dell&rsquo;informativa Lo scopo di questa pagina \u00e8 descrivere le modalit\u00e0 di gestione del sito in riferimento al trattamento<\/p>\n","protected":false},"author":2,"featured_media":0,"parent":0,"menu_order":0,"comment_status":"closed","ping_status":"closed","template":"page-custom.php","meta":{"inline_featured_image":false,"_monsterinsights_skip_tracking":false,"_monsterinsights_sitenote_active":false,"_monsterinsights_sitenote_note":"","_monsterinsights_sitenote_category":0,"footnotes":""},"class_list":["post-30503","page","type-page","status-publish","hentry"],"yoast_head":"<!-- This site is optimized with the Yoast SEO plugin v27.5 - https:\/\/yoast.com\/product\/yoast-seo-wordpress\/ -->\n<title>Privacy Policy - Campra Alpine Lodge &amp; Spa<\/title>\n<meta name=\"robots\" content=\"index, follow, max-snippet:-1, max-image-preview:large, max-video-preview:-1\" \/>\n<link rel=\"canonical\" href=\"https:\/\/campralodge.ch\/fr\/privacy-policy\/\" \/>\n<meta property=\"og:locale\" content=\"fr_FR\" \/>\n<meta property=\"og:type\" content=\"article\" \/>\n<meta property=\"og:title\" content=\"Privacy Policy - Campra Alpine Lodge &amp; Spa\" \/>\n<meta property=\"og:description\" content=\"[vc_row][vc_column][\/vc_column][\/vc_row][vc_row][vc_column width=\u00a0\u00bb1\/6&Prime; col_shadow=\u00a0\u00bbbox_shadow_enable:disable|shadow_horizontal:0|shadow_vertical:15|shadow_blur:50|shadow_spread:0|box_shadow_color:rgba(0%2C0%2C0%2C0.35)\u00a0\u00bb col_shadow_hover=\u00a0\u00bbbox_shadow_enable:disable|shadow_horizontal:0|shadow_vertical:15|shadow_blur:50|shadow_spread:0|box_shadow_color:rgba(0%2C0%2C0%2C0.35)\u00a0\u00bb][\/vc_column][vc_column width=\u00a0\u00bb2\/3&Prime; dfd_column_responsive_enable=\u00a0\u00bbdfd-column-responsive-enable\u00a0\u00bb col_shadow=\u00a0\u00bbbox_shadow_enable:disable|shadow_horizontal:0|shadow_vertical:15|shadow_blur:50|shadow_spread:0|box_shadow_color:rgba(0%2C0%2C0%2C0.35)\u00a0\u00bb col_shadow_hover=\u00a0\u00bbbox_shadow_enable:disable|shadow_horizontal:0|shadow_vertical:15|shadow_blur:50|shadow_spread:0|box_shadow_color:rgba(0%2C0%2C0%2C0.35)\u00a0\u00bb responsive_styles=\u00a0\u00bbpadding_left_mobile:30|padding_right_mobile:30&Prime;][vc_column_text]PRIVACY POLICY Lo scopo dell&rsquo;informativa Lo scopo di questa pagina \u00e8 descrivere le modalit\u00e0 di gestione del sito in riferimento al trattamento\" \/>\n<meta property=\"og:url\" content=\"https:\/\/campralodge.ch\/fr\/privacy-policy\/\" \/>\n<meta property=\"og:site_name\" content=\"Campra Alpine Lodge &amp; Spa\" \/>\n<meta property=\"article:publisher\" content=\"https:\/\/www.facebook.com\/campralodge\/?modal=admin_todo_tour\" \/>\n<meta property=\"og:image\" content=\"https:\/\/campralodge.ch\/wp-content\/uploads\/2020\/07\/DSC_3133web.jpg\" \/>\n\t<meta property=\"og:image:width\" content=\"2500\" \/>\n\t<meta property=\"og:image:height\" content=\"1667\" \/>\n\t<meta property=\"og:image:type\" content=\"image\/jpeg\" \/>\n<meta name=\"twitter:card\" content=\"summary_large_image\" \/>\n<meta name=\"twitter:label1\" content=\"Dur\u00e9e de lecture estim\u00e9e\" \/>\n\t<meta name=\"twitter:data1\" content=\"8 minutes\" \/>\n<script type=\"application\/ld+json\" class=\"yoast-schema-graph\">{\"@context\":\"https:\\\/\\\/schema.org\",\"@graph\":[{\"@type\":\"WebPage\",\"@id\":\"https:\\\/\\\/campralodge.ch\\\/fr\\\/privacy-policy\\\/\",\"url\":\"https:\\\/\\\/campralodge.ch\\\/fr\\\/privacy-policy\\\/\",\"name\":\"Privacy Policy - Campra Alpine Lodge &amp; Spa\",\"isPartOf\":{\"@id\":\"https:\\\/\\\/campralodge.ch\\\/fr\\\/#website\"},\"datePublished\":\"2020-05-28T06:24:46+00:00\",\"breadcrumb\":{\"@id\":\"https:\\\/\\\/campralodge.ch\\\/fr\\\/privacy-policy\\\/#breadcrumb\"},\"inLanguage\":\"fr-FR\",\"potentialAction\":[{\"@type\":\"ReadAction\",\"target\":[\"https:\\\/\\\/campralodge.ch\\\/fr\\\/privacy-policy\\\/\"]}]},{\"@type\":\"BreadcrumbList\",\"@id\":\"https:\\\/\\\/campralodge.ch\\\/fr\\\/privacy-policy\\\/#breadcrumb\",\"itemListElement\":[{\"@type\":\"ListItem\",\"position\":1,\"name\":\"Home\",\"item\":\"https:\\\/\\\/campralodge.ch\\\/fr\\\/\"},{\"@type\":\"ListItem\",\"position\":2,\"name\":\"Privacy Policy\"}]},{\"@type\":\"WebSite\",\"@id\":\"https:\\\/\\\/campralodge.ch\\\/fr\\\/#website\",\"url\":\"https:\\\/\\\/campralodge.ch\\\/fr\\\/\",\"name\":\"Campra Alpine Lodge &amp; Spa\",\"description\":\"Valle di Blenio\",\"publisher\":{\"@id\":\"https:\\\/\\\/campralodge.ch\\\/fr\\\/#organization\"},\"potentialAction\":[{\"@type\":\"SearchAction\",\"target\":{\"@type\":\"EntryPoint\",\"urlTemplate\":\"https:\\\/\\\/campralodge.ch\\\/fr\\\/?s={search_term_string}\"},\"query-input\":{\"@type\":\"PropertyValueSpecification\",\"valueRequired\":true,\"valueName\":\"search_term_string\"}}],\"inLanguage\":\"fr-FR\"},{\"@type\":\"Organization\",\"@id\":\"https:\\\/\\\/campralodge.ch\\\/fr\\\/#organization\",\"name\":\"Campra Alpine Lodge & Spa\",\"url\":\"https:\\\/\\\/campralodge.ch\\\/fr\\\/\",\"logo\":{\"@type\":\"ImageObject\",\"inLanguage\":\"fr-FR\",\"@id\":\"https:\\\/\\\/campralodge.ch\\\/fr\\\/#\\\/schema\\\/logo\\\/image\\\/\",\"url\":\"https:\\\/\\\/campralodge.ch\\\/wp-content\\\/uploads\\\/2020\\\/04\\\/campralodge_logo_positivo.svg\",\"contentUrl\":\"https:\\\/\\\/campralodge.ch\\\/wp-content\\\/uploads\\\/2020\\\/04\\\/campralodge_logo_positivo.svg\",\"width\":\"1024\",\"height\":\"1024\",\"caption\":\"Campra Alpine Lodge & Spa\"},\"image\":{\"@id\":\"https:\\\/\\\/campralodge.ch\\\/fr\\\/#\\\/schema\\\/logo\\\/image\\\/\"},\"sameAs\":[\"https:\\\/\\\/www.facebook.com\\\/campralodge\\\/?modal=admin_todo_tour\",\"https:\\\/\\\/www.instagram.com\\\/campralodge\\\/\"]}]}<\/script>\n<!-- \/ Yoast SEO plugin. -->","yoast_head_json":{"title":"Privacy Policy - Campra Alpine Lodge &amp; Spa","robots":{"index":"index","follow":"follow","max-snippet":"max-snippet:-1","max-image-preview":"max-image-preview:large","max-video-preview":"max-video-preview:-1"},"canonical":"https:\/\/campralodge.ch\/fr\/privacy-policy\/","og_locale":"fr_FR","og_type":"article","og_title":"Privacy Policy - Campra Alpine Lodge &amp; Spa","og_description":"[vc_row][vc_column][\/vc_column][\/vc_row][vc_row][vc_column width=\u00a0\u00bb1\/6&Prime; col_shadow=\u00a0\u00bbbox_shadow_enable:disable|shadow_horizontal:0|shadow_vertical:15|shadow_blur:50|shadow_spread:0|box_shadow_color:rgba(0%2C0%2C0%2C0.35)\u00a0\u00bb col_shadow_hover=\u00a0\u00bbbox_shadow_enable:disable|shadow_horizontal:0|shadow_vertical:15|shadow_blur:50|shadow_spread:0|box_shadow_color:rgba(0%2C0%2C0%2C0.35)\u00a0\u00bb][\/vc_column][vc_column width=\u00a0\u00bb2\/3&Prime; dfd_column_responsive_enable=\u00a0\u00bbdfd-column-responsive-enable\u00a0\u00bb col_shadow=\u00a0\u00bbbox_shadow_enable:disable|shadow_horizontal:0|shadow_vertical:15|shadow_blur:50|shadow_spread:0|box_shadow_color:rgba(0%2C0%2C0%2C0.35)\u00a0\u00bb col_shadow_hover=\u00a0\u00bbbox_shadow_enable:disable|shadow_horizontal:0|shadow_vertical:15|shadow_blur:50|shadow_spread:0|box_shadow_color:rgba(0%2C0%2C0%2C0.35)\u00a0\u00bb responsive_styles=\u00a0\u00bbpadding_left_mobile:30|padding_right_mobile:30&Prime;][vc_column_text]PRIVACY POLICY Lo scopo dell&rsquo;informativa Lo scopo di questa pagina \u00e8 descrivere le modalit\u00e0 di gestione del sito in riferimento al trattamento","og_url":"https:\/\/campralodge.ch\/fr\/privacy-policy\/","og_site_name":"Campra Alpine Lodge &amp; Spa","article_publisher":"https:\/\/www.facebook.com\/campralodge\/?modal=admin_todo_tour","og_image":[{"width":2500,"height":1667,"url":"https:\/\/campralodge.ch\/wp-content\/uploads\/2020\/07\/DSC_3133web.jpg","type":"image\/jpeg"}],"twitter_card":"summary_large_image","twitter_misc":{"Dur\u00e9e de lecture estim\u00e9e":"8 minutes"},"schema":{"@context":"https:\/\/schema.org","@graph":[{"@type":"WebPage","@id":"https:\/\/campralodge.ch\/fr\/privacy-policy\/","url":"https:\/\/campralodge.ch\/fr\/privacy-policy\/","name":"Privacy Policy - Campra Alpine Lodge &amp; Spa","isPartOf":{"@id":"https:\/\/campralodge.ch\/fr\/#website"},"datePublished":"2020-05-28T06:24:46+00:00","breadcrumb":{"@id":"https:\/\/campralodge.ch\/fr\/privacy-policy\/#breadcrumb"},"inLanguage":"fr-FR","potentialAction":[{"@type":"ReadAction","target":["https:\/\/campralodge.ch\/fr\/privacy-policy\/"]}]},{"@type":"BreadcrumbList","@id":"https:\/\/campralodge.ch\/fr\/privacy-policy\/#breadcrumb","itemListElement":[{"@type":"ListItem","position":1,"name":"Home","item":"https:\/\/campralodge.ch\/fr\/"},{"@type":"ListItem","position":2,"name":"Privacy Policy"}]},{"@type":"WebSite","@id":"https:\/\/campralodge.ch\/fr\/#website","url":"https:\/\/campralodge.ch\/fr\/","name":"Campra Alpine Lodge &amp; Spa","description":"Valle di Blenio","publisher":{"@id":"https:\/\/campralodge.ch\/fr\/#organization"},"potentialAction":[{"@type":"SearchAction","target":{"@type":"EntryPoint","urlTemplate":"https:\/\/campralodge.ch\/fr\/?s={search_term_string}"},"query-input":{"@type":"PropertyValueSpecification","valueRequired":true,"valueName":"search_term_string"}}],"inLanguage":"fr-FR"},{"@type":"Organization","@id":"https:\/\/campralodge.ch\/fr\/#organization","name":"Campra Alpine Lodge & Spa","url":"https:\/\/campralodge.ch\/fr\/","logo":{"@type":"ImageObject","inLanguage":"fr-FR","@id":"https:\/\/campralodge.ch\/fr\/#\/schema\/logo\/image\/","url":"https:\/\/campralodge.ch\/wp-content\/uploads\/2020\/04\/campralodge_logo_positivo.svg","contentUrl":"https:\/\/campralodge.ch\/wp-content\/uploads\/2020\/04\/campralodge_logo_positivo.svg","width":"1024","height":"1024","caption":"Campra Alpine Lodge & Spa"},"image":{"@id":"https:\/\/campralodge.ch\/fr\/#\/schema\/logo\/image\/"},"sameAs":["https:\/\/www.facebook.com\/campralodge\/?modal=admin_todo_tour","https:\/\/www.instagram.com\/campralodge\/"]}]}},"_links":{"self":[{"href":"https:\/\/campralodge.ch\/fr\/wp-json\/wp\/v2\/pages\/30503","targetHints":{"allow":["GET"]}}],"collection":[{"href":"https:\/\/campralodge.ch\/fr\/wp-json\/wp\/v2\/pages"}],"about":[{"href":"https:\/\/campralodge.ch\/fr\/wp-json\/wp\/v2\/types\/page"}],"author":[{"embeddable":true,"href":"https:\/\/campralodge.ch\/fr\/wp-json\/wp\/v2\/users\/2"}],"replies":[{"embeddable":true,"href":"https:\/\/campralodge.ch\/fr\/wp-json\/wp\/v2\/comments?post=30503"}],"version-history":[{"count":1,"href":"https:\/\/campralodge.ch\/fr\/wp-json\/wp\/v2\/pages\/30503\/revisions"}],"predecessor-version":[{"id":30504,"href":"https:\/\/campralodge.ch\/fr\/wp-json\/wp\/v2\/pages\/30503\/revisions\/30504"}],"wp:attachment":[{"href":"https:\/\/campralodge.ch\/fr\/wp-json\/wp\/v2\/media?parent=30503"}],"curies":[{"name":"wp","href":"https:\/\/api.w.org\/{rel}","templated":true}]}}