{"id":30429,"date":"2020-05-21T13:20:50","date_gmt":"2020-05-21T11:20:50","guid":{"rendered":"https:\/\/campralodge.ch\/spa\/"},"modified":"2026-04-16T13:33:14","modified_gmt":"2026-04-16T11:33:14","slug":"spa","status":"publish","type":"page","link":"https:\/\/campralodge.ch\/fr\/spa\/","title":{"rendered":"Spa"},"content":{"rendered":"<div class=\"wpb-content-wrapper\"><p>[vc_row dfd_row_config=\u00a0\u00bbfull_width_content\u00a0\u00bb][vc_column]\n\t\t\t<!-- START video spa estate REVOLUTION SLIDER 6.7.35 --><p class=\"rs-p-wp-fix\"><\/p>\n\t\t\t<rs-module-wrap id=\"rev_slider_15_1_wrapper\" data-source=\"gallery\" style=\"visibility:hidden;background:transparent;padding:0;margin:0px auto;margin-top:0;margin-bottom:0;\">\n\t\t\t\t<rs-module id=\"rev_slider_15_1\" style=\"\" data-version=\"6.7.35\">\n\t\t\t\t\t<rs-slides style=\"overflow: hidden; position: absolute;\">\n\t\t\t\t\t\t<rs-slide style=\"position: absolute;\" data-key=\"rs-15\" data-title=\"Slide\" data-anim=\"adpr:false;\" data-in=\"o:0;\" data-out=\"a:false;\">\n\t\t\t\t\t\t\t<img decoding=\"async\" src=\"\/\/campralodge.ch\/wp-content\/plugins\/revslider\/sr6\/assets\/assets\/dummy.png\" alt=\"\" title=\"Campra-Lodge-Promo-estate-senza-testi_Trim_Spa_15.jpeg\" width=\"1920\" height=\"1080\" class=\"rev-slidebg tp-rs-img rs-lazyload\" data-lazyload=\"\/\/campralodge.ch\/wp-content\/uploads\/revslider\/video-media\/Campra-Lodge-Promo-estate-senza-testi_Trim_Spa_15.jpeg\" data-no-retina>\n\t\t\t\t\t\t\t<rs-bgvideo \n\t\t\t\t\t\t\t\tdata-video=\"w:100%;h:100%;nse:false;rwd:false;l:true;ptimer:false;vfc:true;\"\n\t\t\t\t\t\t\t\tdata-mp4=\"\/\/campralodge.ch\/wp-content\/uploads\/2022\/03\/Campra-Lodge-Promo-estate-senza-testi_Trim_Spa.mp4\"\n\t\t\t\t\t\t\t><\/rs-bgvideo>\n<!---->\t\t\t\t\t<\/rs-slide>\n\t\t\t\t\t<\/rs-slides>\n\t\t\t\t<\/rs-module>\n\t\t\t\t<script>\n\t\t\t\t\tsetREVStartSize({c: 'rev_slider_15_1',rl:[1240,1024,778,480],el:[750,768,960,720],gw:[1240,1024,778,480],gh:[750,600,550,350],type:'hero',justify:'',layout:'fullwidth',mh:\"0\"});if (window.RS_MODULES!==undefined && window.RS_MODULES.modules!==undefined && window.RS_MODULES.modules[\"revslider151\"]!==undefined) {window.RS_MODULES.modules[\"revslider151\"].once = false;window.revapi15 = undefined;if (window.RS_MODULES.checkMinimal!==undefined) window.RS_MODULES.checkMinimal()}\n\t\t\t\t<\/script>\n\t\t\t<\/rs-module-wrap>\n\t\t\t<!-- END REVOLUTION SLIDER -->\n[\/vc_column][\/vc_row][vc_row][vc_column]<div class=\"dfd-spacer-module\"  data-units=\"px\" data-wide_resolution=\"1280\" data-wide_size=\"200\" data-normal_resolution=\"1024\" data-normal_size=\"200\" data-tablet_resolution=\"800\" data-tablet_size=\"150\" data-mobile_resolution=\"480\" data-mobile_size=\"100\" style=\"height: 200px;\"><\/div>[vc_column_text css=\u00a0\u00bb\u00a0\u00bb]<\/p>\n<h2 data-section-id=\"g24w39\" data-start=\"2527\" data-end=\"2565\"><span role=\"text\"><strong data-start=\"2530\" data-end=\"2563\">SPA Campra Alpine Lodge &amp; Spa<\/strong><\/span><\/h2>\n<p data-start=\"2566\" data-end=\"2611\"><strong data-start=\"2566\" data-end=\"2611\">Une oasis de d\u00e9tente au c\u0153ur de la nature<\/strong><\/p>\n<p data-start=\"2613\" data-end=\"2749\">Laissez-vous envelopper par le bien-\u00eatre de notre SPA, un espace d\u00e9di\u00e9 \u00e0 la d\u00e9tente et \u00e0 la tranquillit\u00e9 au c\u0153ur de la Vall\u00e9e de Blenio.<\/p>\n<p data-start=\"2751\" data-end=\"2916\">Notre SPA accueillant de 120 m\u00b2 vous offre des moments de s\u00e9r\u00e9nit\u00e9 gr\u00e2ce \u00e0 son espace d\u00e9tente chaleureux, son jacuzzi avec vue sur la for\u00eat, son sauna et son hammam.<\/p>\n<hr data-start=\"2918\" data-end=\"2921\" \/>\n<h2 data-section-id=\"1tswyax\" data-start=\"2923\" data-end=\"2942\"><span role=\"text\"><strong data-start=\"2926\" data-end=\"2942\">Acc\u00e8s au SPA<\/strong><\/span><\/h2>\n<h4 data-section-id=\"1bu34kb\" data-start=\"2944\" data-end=\"2979\"><span role=\"text\"><strong data-start=\"2948\" data-end=\"2979\">Pour les clients de l\u2019h\u00f4tel<\/strong><\/span><\/h4>\n<p data-start=\"2980\" data-end=\"3095\">L\u2019acc\u00e8s au SPA est <strong data-start=\"2999\" data-end=\"3024\">inclus dans le s\u00e9jour<\/strong>.<br data-start=\"3025\" data-end=\"3028\" \/>Nous vous prions d\u2019<strong data-start=\"3047\" data-end=\"3072\">informer la r\u00e9ception<\/strong> de l\u2019horaire souhait\u00e9.<\/p>\n<h4 data-section-id=\"1n05zc8\" data-start=\"3097\" data-end=\"3130\"><span role=\"text\"><strong data-start=\"3101\" data-end=\"3130\">Pour les clients externes<\/strong><\/span><\/h4>\n<p data-start=\"3131\" data-end=\"3195\">CHF 25.\u2013 par personne<br data-start=\"3152\" data-end=\"3155\" \/>Dur\u00e9e : 1h30<br data-start=\"3167\" data-end=\"3170\" \/>R\u00e9servation obligatoire<\/p>\n<hr data-start=\"3197\" data-end=\"3200\" \/>\n<h4 data-section-id=\"rwgc0c\" data-start=\"3202\" data-end=\"3229\"><span role=\"text\"><strong data-start=\"3205\" data-end=\"3229\">Horaires d\u2019ouverture<\/strong><\/span><\/h4>\n<p data-start=\"3230\" data-end=\"3299\">Tous les jours : 14h00 \u2013 20h00<br data-start=\"3260\" data-end=\"3263\" \/>(derni\u00e8re entr\u00e9e conseill\u00e9e \u00e0 18h30)<\/p>\n<hr data-start=\"3301\" data-end=\"3304\" \/>\n<h4 data-section-id=\"1964x1d\" data-start=\"3306\" data-end=\"3321\"><span role=\"text\"><strong data-start=\"3309\" data-end=\"3321\">Capacit\u00e9<\/strong><\/span><\/h4>\n<p data-start=\"3322\" data-end=\"3424\">Afin de garantir une exp\u00e9rience exclusive, l\u2019acc\u00e8s est limit\u00e9 \u00e0 <strong data-start=\"3386\" data-end=\"3423\">8 personnes maximum en m\u00eame temps<\/strong>.<\/p>\n<hr data-start=\"3426\" data-end=\"3429\" \/>\n<h4 data-section-id=\"6lmjei\" data-start=\"3431\" data-end=\"3458\"><span role=\"text\"><strong data-start=\"3434\" data-end=\"3458\">Location de mat\u00e9riel<\/strong><\/span><\/h4>\n<p data-start=\"3459\" data-end=\"3515\">Serviette : CHF 5.\u2013<br data-start=\"3478\" data-end=\"3481\" \/>Peignoir et chaussons : CHF 10.\u2013<\/p>\n<p data-start=\"3517\" data-end=\"3577\">Le mat\u00e9riel doit \u00eatre <strong data-start=\"3539\" data-end=\"3576\">retir\u00e9 et retourn\u00e9 \u00e0 la r\u00e9ception<\/strong>.<\/p>\n<hr data-start=\"3579\" data-end=\"3582\" \/>\n<h4 data-section-id=\"exeokc\" data-start=\"3584\" data-end=\"3605\"><span role=\"text\"><strong data-start=\"3587\" data-end=\"3605\">Abonnement SPA<\/strong><\/span><\/h4>\n<p data-start=\"3606\" data-end=\"3692\">Un abonnement de 10 entr\u00e9es est disponible au prix de <strong data-start=\"3660\" data-end=\"3673\">CHF 225.\u2013<\/strong>, valable <strong data-start=\"3683\" data-end=\"3691\">1 an<\/strong>.<\/p>\n<hr data-start=\"3694\" data-end=\"3697\" \/>\n<h4 data-section-id=\"9xg70p\" data-start=\"3699\" data-end=\"3735\"><span role=\"text\"><strong data-start=\"3702\" data-end=\"3735\">Offrez un moment de bien-\u00eatre<\/strong><\/span><\/h4>\n<p data-start=\"3736\" data-end=\"3796\">Surprenez vos proches avec une exp\u00e9rience de d\u00e9tente unique.<\/p>\n<p>[\/vc_column_text][dfd_logo_carousel list_fields=\u00a0\u00bb%5B%7B%22icon_image_id%22%3A%2230828%22%2C%22description%22%3A%22Image%20short%20description%20which%20will%20be%20visible%20on%20the%20back%20side.%20%22%7D%2C%7B%22icon_image_id%22%3A%2238538%22%2C%22description%22%3A%22Image%20short%20description%20which%20will%20be%20visible%20on%20the%20back%20side.%20%22%7D%2C%7B%22icon_image_id%22%3A%2230833%22%2C%22description%22%3A%22Image%20short%20description%20which%20will%20be%20visible%20on%20the%20back%20side.%20%22%7D%5D\u00a0\u00bb main_style=\u00a0\u00bbstyle-1&Prime; extra_features_elements_heading=\u00a0\u00bb\u00a0\u00bb][\/vc_column][\/vc_row][vc_row][vc_column]<div class=\"dfd-spacer-module\"  data-units=\"px\" data-wide_resolution=\"1280\" data-wide_size=\"150\" data-normal_resolution=\"1024\" data-normal_size=\"150\" data-tablet_resolution=\"800\" data-tablet_size=\"100\" data-mobile_resolution=\"480\" data-mobile_size=\"75\" style=\"height: 150px;\"><\/div>[\/vc_column][\/vc_row][vc_row dfd_row_responsive_enable=\u00a0\u00bbdfd-row-responsive-enable\u00a0\u00bb css=\u00a0\u00bb.vc_custom_1584978702706{padding-top: 120px !important;padding-right: 90px !important;padding-bottom: 120px !important;padding-left: 90px !important;background-color: #f2eadf !important;background-position: center !important;background-repeat: no-repeat !important;background-size: cover !important;}\u00a0\u00bb responsive_styles=\u00a0\u00bbpadding_top_desktop:120|padding_bottom_desktop:120|padding_left_desktop:60|padding_right_desktop:60|padding_top_tablet:120|padding_bottom_tablet:120|padding_left_tablet:60|padding_right_tablet:60|padding_top_mobile:60|padding_bottom_mobile:60|padding_left_mobile:30|padding_right_mobile:30&Prime;][vc_column col_shadow=\u00a0\u00bbbox_shadow_enable:disable|shadow_horizontal:0|shadow_vertical:15|shadow_blur:50|shadow_spread:0|box_shadow_color:rgba(0%2C0%2C0%2C0.35)\u00a0\u00bb col_shadow_hover=\u00a0\u00bbbox_shadow_enable:disable|shadow_horizontal:0|shadow_vertical:15|shadow_blur:50|shadow_spread:0|box_shadow_color:rgba(0%2C0%2C0%2C0.35)\u00a0\u00bb][vc_column_text el_class=\u00a0\u00bbregolamento\u00a0\u00bb]<strong>R\u00e8glement SPA<\/strong><\/p>\n<ol>\n<li>Notre SPA est une espace tranquille<\/li>\n<li>Les enfants de moins de 16 ans doivent \u00eatre accompagn\u00e9s par un adulte<\/li>\n<li>Les enfant de moins de 12 ans ne sont pas admins dans le spa<\/li>\n<li>L&rsquo;acc\u00e8s au SPA doit \u00eatre r\u00e9serv\u00e9 \u00e0 l&rsquo;avance \u00e0 la r\u00e9ception et est limit\u00e9 \u00e0 un maximum de 8 personnes<\/li>\n<li>Les clients de l&rsquo;h\u00f4tel sont invit\u00e9s \u00e0 se changer dans leur chambre<\/li>\n<li>Les clients doivent se d\u00e9sinfecter les mains avant d&rsquo;entrer dans le SPA et r\u00e9guli\u00e8rement \u00e0 l&rsquo;int\u00e9rieur<\/li>\n<li>Pour votre s\u00e9curit\u00e9 les sandales de bain sont obligatoires dans l\u2019espace SPA<\/li>\n<li>Douche obligatoire avant et apr\u00e8s le sauna, le jacuzzi ou le bain turc<\/li>\n<li>Le sauna est naturiste; cependant il est recommand\u00e9 de s\u2019asseoir ou de se coucher sur une serviette de bain propre<\/li>\n<li>Le sauna n\u2019est pas nudiste, les h\u00f4tes sont pri\u00e9s de couvrir les parties intimes du corps avec une serviette de bain<\/li>\n<li>Utilisez les vaporisateurs disponibles pour d\u00e9sinfecter les objets fr\u00e9quemment utilis\u00e9s, y compris les lits<\/li>\n<li>Les h\u00f4tes sont pri\u00e9s de mettre une serviette de bain ou de porter un peignoir sur les chaises longues dans l\u2019espace d\u00e9tente<\/li>\n<li>Posez vos serviettes dans les paniers sp\u00e9ciaux situ\u00e9s dans les vestiaires<\/li>\n<li>Nous recommandons aux h\u00f4tes de bien vouloir consulter un m\u00e9decin en cas de troubles circulatoires ou cardiaques avant l\u2019utilisation des facilit\u00e9s du SPA<\/li>\n<li>La Direction n\u2019est pas responsable pour les pertes ou d\u00e9g\u00e2ts d\u2019effets personnels<\/li>\n<li>Tout objet en location doit \u00eatre retourn\u00e9 \u00e0 la r\u00e9ception du SPA<\/li>\n<li>Fumer n\u2019est pas permis<\/li>\n<li>Merci de suivre les instructions du personnel<\/li>\n<\/ol>\n<p>[\/vc_column_text][\/vc_column][\/vc_row][vc_row][vc_column]<div class=\"dfd-spacer-module\"  data-units=\"px\" data-wide_resolution=\"1280\" data-wide_size=\"100\" data-normal_resolution=\"1024\" data-normal_size=\"100\" data-tablet_resolution=\"800\" data-tablet_size=\"100\" data-mobile_resolution=\"480\" data-mobile_size=\"50\" style=\"height: 100px;\"><\/div>[\/vc_column][\/vc_row]<\/p>\n<\/div>","protected":false},"excerpt":{"rendered":"<p>[vc_row dfd_row_config=\u00a0\u00bbfull_width_content\u00a0\u00bb][vc_column][\/vc_column][\/vc_row][vc_row][vc_column][vc_column_text css=\u00a0\u00bb\u00a0\u00bb] SPA Campra Alpine Lodge &amp; Spa Une oasis de d\u00e9tente au c\u0153ur de la nature Laissez-vous envelopper par le bien-\u00eatre de notre SPA, un espace d\u00e9di\u00e9 \u00e0<\/p>\n","protected":false},"author":2,"featured_media":0,"parent":0,"menu_order":0,"comment_status":"closed","ping_status":"closed","template":"page-custom.php","meta":{"inline_featured_image":false,"_monsterinsights_skip_tracking":false,"_monsterinsights_sitenote_active":false,"_monsterinsights_sitenote_note":"","_monsterinsights_sitenote_category":0,"footnotes":""},"class_list":["post-30429","page","type-page","status-publish","hentry"],"yoast_head":"<!-- This site is optimized with the Yoast SEO plugin v27.4 - https:\/\/yoast.com\/product\/yoast-seo-wordpress\/ -->\n<title>Spa - Campra Alpine Lodge &amp; Spa<\/title>\n<meta name=\"description\" content=\"Pure s\u00e9r\u00e9nit\u00e9. Connectez-vous avec l&#039;esprit, l&#039;esprit et le corps. Un lieu de paix cr\u00e9\u00e9 pour vous donner le temps de prendre soin de vous et de r\u00e9cup\u00e9rer l&#039;\u00e9nergie positive.\" \/>\n<meta name=\"robots\" content=\"index, follow, max-snippet:-1, max-image-preview:large, max-video-preview:-1\" \/>\n<link rel=\"canonical\" href=\"https:\/\/campralodge.ch\/fr\/spa\/\" \/>\n<meta property=\"og:locale\" content=\"fr_FR\" \/>\n<meta property=\"og:type\" content=\"article\" \/>\n<meta property=\"og:title\" content=\"Spa - Campra Alpine Lodge &amp; Spa\" \/>\n<meta property=\"og:description\" content=\"Pure s\u00e9r\u00e9nit\u00e9. Connectez-vous avec l&#039;esprit, l&#039;esprit et le corps. Un lieu de paix cr\u00e9\u00e9 pour vous donner le temps de prendre soin de vous et de r\u00e9cup\u00e9rer l&#039;\u00e9nergie positive.\" \/>\n<meta property=\"og:url\" content=\"https:\/\/campralodge.ch\/fr\/spa\/\" \/>\n<meta property=\"og:site_name\" content=\"Campra Alpine Lodge &amp; Spa\" \/>\n<meta property=\"article:publisher\" content=\"https:\/\/www.facebook.com\/campralodge\/?modal=admin_todo_tour\" \/>\n<meta property=\"article:modified_time\" content=\"2026-04-16T11:33:14+00:00\" \/>\n<meta property=\"og:image\" content=\"https:\/\/campralodge.ch\/wp-content\/uploads\/2020\/07\/DSC_3133web.jpg\" \/>\n\t<meta property=\"og:image:width\" content=\"2500\" \/>\n\t<meta property=\"og:image:height\" content=\"1667\" \/>\n\t<meta property=\"og:image:type\" content=\"image\/jpeg\" \/>\n<meta name=\"twitter:card\" content=\"summary_large_image\" \/>\n<meta name=\"twitter:label1\" content=\"Dur\u00e9e de lecture estim\u00e9e\" \/>\n\t<meta name=\"twitter:data1\" content=\"3 minutes\" \/>\n<script type=\"application\/ld+json\" class=\"yoast-schema-graph\">{\"@context\":\"https:\\\/\\\/schema.org\",\"@graph\":[{\"@type\":\"WebPage\",\"@id\":\"https:\\\/\\\/campralodge.ch\\\/fr\\\/spa\\\/\",\"url\":\"https:\\\/\\\/campralodge.ch\\\/fr\\\/spa\\\/\",\"name\":\"Spa - Campra Alpine Lodge &amp; Spa\",\"isPartOf\":{\"@id\":\"https:\\\/\\\/campralodge.ch\\\/fr\\\/#website\"},\"datePublished\":\"2020-05-21T11:20:50+00:00\",\"dateModified\":\"2026-04-16T11:33:14+00:00\",\"description\":\"Pure s\u00e9r\u00e9nit\u00e9. Connectez-vous avec l'esprit, l'esprit et le corps. Un lieu de paix cr\u00e9\u00e9 pour vous donner le temps de prendre soin de vous et de r\u00e9cup\u00e9rer l'\u00e9nergie positive.\",\"breadcrumb\":{\"@id\":\"https:\\\/\\\/campralodge.ch\\\/fr\\\/spa\\\/#breadcrumb\"},\"inLanguage\":\"fr-FR\",\"potentialAction\":[{\"@type\":\"ReadAction\",\"target\":[\"https:\\\/\\\/campralodge.ch\\\/fr\\\/spa\\\/\"]}]},{\"@type\":\"BreadcrumbList\",\"@id\":\"https:\\\/\\\/campralodge.ch\\\/fr\\\/spa\\\/#breadcrumb\",\"itemListElement\":[{\"@type\":\"ListItem\",\"position\":1,\"name\":\"Home\",\"item\":\"https:\\\/\\\/campralodge.ch\\\/fr\\\/\"},{\"@type\":\"ListItem\",\"position\":2,\"name\":\"Spa\"}]},{\"@type\":\"WebSite\",\"@id\":\"https:\\\/\\\/campralodge.ch\\\/fr\\\/#website\",\"url\":\"https:\\\/\\\/campralodge.ch\\\/fr\\\/\",\"name\":\"Campra Alpine Lodge &amp; Spa\",\"description\":\"Valle di Blenio\",\"publisher\":{\"@id\":\"https:\\\/\\\/campralodge.ch\\\/fr\\\/#organization\"},\"potentialAction\":[{\"@type\":\"SearchAction\",\"target\":{\"@type\":\"EntryPoint\",\"urlTemplate\":\"https:\\\/\\\/campralodge.ch\\\/fr\\\/?s={search_term_string}\"},\"query-input\":{\"@type\":\"PropertyValueSpecification\",\"valueRequired\":true,\"valueName\":\"search_term_string\"}}],\"inLanguage\":\"fr-FR\"},{\"@type\":\"Organization\",\"@id\":\"https:\\\/\\\/campralodge.ch\\\/fr\\\/#organization\",\"name\":\"Campra Alpine Lodge & Spa\",\"url\":\"https:\\\/\\\/campralodge.ch\\\/fr\\\/\",\"logo\":{\"@type\":\"ImageObject\",\"inLanguage\":\"fr-FR\",\"@id\":\"https:\\\/\\\/campralodge.ch\\\/fr\\\/#\\\/schema\\\/logo\\\/image\\\/\",\"url\":\"https:\\\/\\\/campralodge.ch\\\/wp-content\\\/uploads\\\/2020\\\/04\\\/campralodge_logo_positivo.svg\",\"contentUrl\":\"https:\\\/\\\/campralodge.ch\\\/wp-content\\\/uploads\\\/2020\\\/04\\\/campralodge_logo_positivo.svg\",\"width\":\"1024\",\"height\":\"1024\",\"caption\":\"Campra Alpine Lodge & Spa\"},\"image\":{\"@id\":\"https:\\\/\\\/campralodge.ch\\\/fr\\\/#\\\/schema\\\/logo\\\/image\\\/\"},\"sameAs\":[\"https:\\\/\\\/www.facebook.com\\\/campralodge\\\/?modal=admin_todo_tour\",\"https:\\\/\\\/www.instagram.com\\\/campralodge\\\/\"]}]}<\/script>\n<!-- \/ Yoast SEO plugin. -->","yoast_head_json":{"title":"Spa - Campra Alpine Lodge &amp; Spa","description":"Pure s\u00e9r\u00e9nit\u00e9. Connectez-vous avec l'esprit, l'esprit et le corps. Un lieu de paix cr\u00e9\u00e9 pour vous donner le temps de prendre soin de vous et de r\u00e9cup\u00e9rer l'\u00e9nergie positive.","robots":{"index":"index","follow":"follow","max-snippet":"max-snippet:-1","max-image-preview":"max-image-preview:large","max-video-preview":"max-video-preview:-1"},"canonical":"https:\/\/campralodge.ch\/fr\/spa\/","og_locale":"fr_FR","og_type":"article","og_title":"Spa - Campra Alpine Lodge &amp; Spa","og_description":"Pure s\u00e9r\u00e9nit\u00e9. Connectez-vous avec l'esprit, l'esprit et le corps. Un lieu de paix cr\u00e9\u00e9 pour vous donner le temps de prendre soin de vous et de r\u00e9cup\u00e9rer l'\u00e9nergie positive.","og_url":"https:\/\/campralodge.ch\/fr\/spa\/","og_site_name":"Campra Alpine Lodge &amp; Spa","article_publisher":"https:\/\/www.facebook.com\/campralodge\/?modal=admin_todo_tour","article_modified_time":"2026-04-16T11:33:14+00:00","og_image":[{"width":2500,"height":1667,"url":"https:\/\/campralodge.ch\/wp-content\/uploads\/2020\/07\/DSC_3133web.jpg","type":"image\/jpeg"}],"twitter_card":"summary_large_image","twitter_misc":{"Dur\u00e9e de lecture estim\u00e9e":"3 minutes"},"schema":{"@context":"https:\/\/schema.org","@graph":[{"@type":"WebPage","@id":"https:\/\/campralodge.ch\/fr\/spa\/","url":"https:\/\/campralodge.ch\/fr\/spa\/","name":"Spa - Campra Alpine Lodge &amp; Spa","isPartOf":{"@id":"https:\/\/campralodge.ch\/fr\/#website"},"datePublished":"2020-05-21T11:20:50+00:00","dateModified":"2026-04-16T11:33:14+00:00","description":"Pure s\u00e9r\u00e9nit\u00e9. Connectez-vous avec l'esprit, l'esprit et le corps. Un lieu de paix cr\u00e9\u00e9 pour vous donner le temps de prendre soin de vous et de r\u00e9cup\u00e9rer l'\u00e9nergie positive.","breadcrumb":{"@id":"https:\/\/campralodge.ch\/fr\/spa\/#breadcrumb"},"inLanguage":"fr-FR","potentialAction":[{"@type":"ReadAction","target":["https:\/\/campralodge.ch\/fr\/spa\/"]}]},{"@type":"BreadcrumbList","@id":"https:\/\/campralodge.ch\/fr\/spa\/#breadcrumb","itemListElement":[{"@type":"ListItem","position":1,"name":"Home","item":"https:\/\/campralodge.ch\/fr\/"},{"@type":"ListItem","position":2,"name":"Spa"}]},{"@type":"WebSite","@id":"https:\/\/campralodge.ch\/fr\/#website","url":"https:\/\/campralodge.ch\/fr\/","name":"Campra Alpine Lodge &amp; Spa","description":"Valle di Blenio","publisher":{"@id":"https:\/\/campralodge.ch\/fr\/#organization"},"potentialAction":[{"@type":"SearchAction","target":{"@type":"EntryPoint","urlTemplate":"https:\/\/campralodge.ch\/fr\/?s={search_term_string}"},"query-input":{"@type":"PropertyValueSpecification","valueRequired":true,"valueName":"search_term_string"}}],"inLanguage":"fr-FR"},{"@type":"Organization","@id":"https:\/\/campralodge.ch\/fr\/#organization","name":"Campra Alpine Lodge & Spa","url":"https:\/\/campralodge.ch\/fr\/","logo":{"@type":"ImageObject","inLanguage":"fr-FR","@id":"https:\/\/campralodge.ch\/fr\/#\/schema\/logo\/image\/","url":"https:\/\/campralodge.ch\/wp-content\/uploads\/2020\/04\/campralodge_logo_positivo.svg","contentUrl":"https:\/\/campralodge.ch\/wp-content\/uploads\/2020\/04\/campralodge_logo_positivo.svg","width":"1024","height":"1024","caption":"Campra Alpine Lodge & Spa"},"image":{"@id":"https:\/\/campralodge.ch\/fr\/#\/schema\/logo\/image\/"},"sameAs":["https:\/\/www.facebook.com\/campralodge\/?modal=admin_todo_tour","https:\/\/www.instagram.com\/campralodge\/"]}]}},"_links":{"self":[{"href":"https:\/\/campralodge.ch\/fr\/wp-json\/wp\/v2\/pages\/30429","targetHints":{"allow":["GET"]}}],"collection":[{"href":"https:\/\/campralodge.ch\/fr\/wp-json\/wp\/v2\/pages"}],"about":[{"href":"https:\/\/campralodge.ch\/fr\/wp-json\/wp\/v2\/types\/page"}],"author":[{"embeddable":true,"href":"https:\/\/campralodge.ch\/fr\/wp-json\/wp\/v2\/users\/2"}],"replies":[{"embeddable":true,"href":"https:\/\/campralodge.ch\/fr\/wp-json\/wp\/v2\/comments?post=30429"}],"version-history":[{"count":77,"href":"https:\/\/campralodge.ch\/fr\/wp-json\/wp\/v2\/pages\/30429\/revisions"}],"predecessor-version":[{"id":30909,"href":"https:\/\/campralodge.ch\/fr\/wp-json\/wp\/v2\/pages\/30429\/revisions\/30909"}],"wp:attachment":[{"href":"https:\/\/campralodge.ch\/fr\/wp-json\/wp\/v2\/media?parent=30429"}],"curies":[{"name":"wp","href":"https:\/\/api.w.org\/{rel}","templated":true}]}}