{"id":36755,"date":"2024-02-12T10:57:23","date_gmt":"2024-02-12T09:57:23","guid":{"rendered":"https:\/\/campralodge.ch\/?page_id=36755"},"modified":"2024-02-12T10:57:23","modified_gmt":"2024-02-12T09:57:23","slug":"ueber-uns","status":"publish","type":"page","link":"https:\/\/campralodge.ch\/de\/ueber-uns\/","title":{"rendered":"\u00dcber uns"},"content":{"rendered":"<div class=\"wpb-content-wrapper\"><p>[vc_row dfd_bg_style=&#8220;image&#8220; dfd_bg_image_new=&#8220;34273&#8243; dfd_bg_image_repeat=&#8220;no-repeat&#8220; dfd_bg_image_position=&#8220;50% 50%&#8220; dfd_row_config=&#8220;full_width_content&#8220;][vc_column]<div class=\"dfd-spacer-module\"  data-units=\"px\" data-wide_resolution=\"1280\" data-wide_size=\"750\" data-normal_resolution=\"1024\" data-normal_size=\"600\" data-tablet_resolution=\"800\" data-tablet_size=\"550\" data-mobile_resolution=\"480\" data-mobile_size=\"350\" style=\"height: 750px;\"><\/div>[\/vc_column][\/vc_row][vc_row dfd_row_config=&#8220;full_width_content&#8220;][vc_column width=&#8220;1\/2&#8243; dfd_column_responsive_enable=&#8220;dfd-column-responsive-enable&#8220; css=&#8220;.vc_custom_1585212720123{padding-top: 100px !important;padding-right: 100px !important;padding-bottom: 100px !important;padding-left: 100px !important;}&#8220; col_shadow=&#8220;box_shadow_enable:disable|shadow_horizontal:0|shadow_vertical:15|shadow_blur:50|shadow_spread:0|box_shadow_color:rgba(0%2C0%2C0%2C0.35)&#8220; col_shadow_hover=&#8220;box_shadow_enable:disable|shadow_horizontal:0|shadow_vertical:15|shadow_blur:50|shadow_spread:0|box_shadow_color:rgba(0%2C0%2C0%2C0.35)&#8220; responsive_styles=&#8220;padding_top_desktop:80|padding_bottom_desktop:80|padding_left_desktop:30|padding_right_desktop:30|padding_top_tablet:60|padding_bottom_tablet:60|padding_left_tablet:30|padding_right_tablet:30|padding_top_mobile:60|padding_bottom_mobile:60|padding_left_mobile:30|padding_right_mobile:30&#8243;][vc_row_inner][vc_column_inner dfd_column_responsive_enable=&#8220;dfd-column-responsive-enable&#8220; col_inner_shadow=&#8220;box_shadow_enable:disable|shadow_horizontal:0|shadow_vertical:15|shadow_blur:50|shadow_spread:0|box_shadow_color:rgba(0%2C0%2C0%2C0.35)&#8220; col_inner_shadow_hover=&#8220;box_shadow_enable:disable|shadow_horizontal:0|shadow_vertical:15|shadow_blur:50|shadow_spread:0|box_shadow_color:rgba(0%2C0%2C0%2C0.35)&#8220; responsive_styles=&#8220;padding_left_desktop:50|padding_right_desktop:50|padding_left_tablet:30|padding_right_tablet:30&#8243;][vc_column_text]2019 wurde die Campra Alpine Lodge und Spa fertiggestellt und er\u00f6ffnet. Bereits bei der Konstruktion wurde darauf geachtet u\u0308berwiegend natu\u0308rliche Materialien wie Holz und Granit zu verwenden. Wir sind stolz darauf, dass es sich bei unserem Geb\u00e4ude um ein Energie Sparhaus handelt. Optisch fu\u0308gt sich die Campra Alpin Lodge &#038; Spa trotz modernem Design perfekt in die wundersch\u00f6ne Landschaft des Bleniotals ein.<\/p>\n<p>Kulinarisch verw\u00f6hnt werden Sie von Ku\u0308chenchef Luciano Bellinato und seinem Team mit Spezialit\u00e4ten aus der Region oder Klassikern wie einem fantastischen Cordon Bleu gefu\u0308llt mit Formagella von der Alp Pertusio. Unsere typischen Tessiner Wurstspezialit\u00e4ten wie \u00abSalametti Nostrani\u00bb oder \u00abCoppa\u00bb beziehen wir bei der Metzgerei Vescovi in Olivone.<\/p>\n<p>Im Restaurant \u00abIl Ritrovo\u00bb, empfehlen wir Ihnen den passenden Wein zu den Gerichten. Auch dabei setzen wir vor allem auf unsere sehr guten Tessiner Weine. Wer Bier bevorzugt findet dieses ebenfalls aus der Region, gebraut im nahegelegenen Dongio.<\/p>\n<p>Hotelg\u00e4ste verschiedenster Zielgruppen geniessen die Nachtruhe in unseren Doppel- oder Familienzimmern. Daru\u0308ber hinaus haben gr\u00f6ssere Gruppen die M\u00f6glichkeit in unseren 8- bis Zw\u00f6lfbettzimmern zu u\u0308bernachten.<\/p>\n<p>Am Morgen erwartet unsere G\u00e4ste ein reichhaltiges Fru\u0308hstu\u0308ck, um gut in den Tag zu starten.<\/p>\n<p>Bei uns kommen Naturliebhaber, Familien und Sportbegeisterte ebenso auf Ihre Kosten wie Romantiker und Ruhesuchende. Unsere G\u00e4ste loben oft die positive Energie, die man in Campra spu\u0308rt.[\/vc_column_text]<div class=\"dfd-spacer-module\"  data-units=\"px\" data-wide_resolution=\"1280\" data-wide_size=\"60\" data-normal_resolution=\"1024\" data-normal_size=\"60\" data-tablet_resolution=\"800\" data-tablet_size=\"60\" data-mobile_resolution=\"480\" data-mobile_size=\"30\" style=\"height: 60px;\"><\/div>[vc_column_text]Kommen Sie vorbei, um zu geniessen![\/vc_column_text][\/vc_column_inner][\/vc_row_inner][\/vc_column][vc_column width=&#8220;1\/2&#8243; css=&#8220;.vc_custom_1586934619688{background-position: center !important;background-repeat: no-repeat !important;background-size: cover !important;}&#8220; col_shadow=&#8220;box_shadow_enable:disable|shadow_horizontal:0|shadow_vertical:15|shadow_blur:50|shadow_spread:0|box_shadow_color:rgba(0%2C0%2C0%2C0.35)&#8220; col_shadow_hover=&#8220;box_shadow_enable:disable|shadow_horizontal:0|shadow_vertical:15|shadow_blur:50|shadow_spread:0|box_shadow_color:rgba(0%2C0%2C0%2C0.35)&#8220;]<div class=\"dfd-spacer-module\"  data-units=\"px\" data-wide_resolution=\"1280\" data-wide_size=\"300\" data-normal_resolution=\"1024\" data-normal_size=\"250\" data-tablet_resolution=\"800\" data-tablet_size=\"200\" data-mobile_resolution=\"480\" data-mobile_size=\"0\" style=\"height: 300px;\"><\/div>[vc_single_image image=&#8220;29381&#8243; img_size=&#8220;full&#8220; css_animation=&#8220;slideInRight&#8220;][\/vc_column][\/vc_row][vc_row][vc_column]<div class=\"dfd-spacer-module\"  data-units=\"px\" data-wide_resolution=\"1280\" data-wide_size=\"150\" data-normal_resolution=\"1024\" data-normal_size=\"100\" data-tablet_resolution=\"800\" data-tablet_size=\"100\" data-mobile_resolution=\"480\" data-mobile_size=\"0\" style=\"height: 150px;\"><\/div>[\/vc_column][\/vc_row]<\/p>\n<\/div>","protected":false},"excerpt":{"rendered":"<p>[vc_row dfd_bg_style=&#8220;image&#8220; dfd_bg_image_new=&#8220;34273&#8243; dfd_bg_image_repeat=&#8220;no-repeat&#8220; dfd_bg_image_position=&#8220;50% 50%&#8220; dfd_row_config=&#8220;full_width_content&#8220;][vc_column][\/vc_column][\/vc_row][vc_row dfd_row_config=&#8220;full_width_content&#8220;][vc_column width=&#8220;1\/2&#8243; dfd_column_responsive_enable=&#8220;dfd-column-responsive-enable&#8220; css=&#8220;.vc_custom_1585212720123{padding-top: 100px !important;padding-right: 100px !important;padding-bottom: 100px !important;padding-left: 100px !important;}&#8220; col_shadow=&#8220;box_shadow_enable:disable|shadow_horizontal:0|shadow_vertical:15|shadow_blur:50|shadow_spread:0|box_shadow_color:rgba(0%2C0%2C0%2C0.35)&#8220; col_shadow_hover=&#8220;box_shadow_enable:disable|shadow_horizontal:0|shadow_vertical:15|shadow_blur:50|shadow_spread:0|box_shadow_color:rgba(0%2C0%2C0%2C0.35)&#8220; responsive_styles=&#8220;padding_top_desktop:80|padding_bottom_desktop:80|padding_left_desktop:30|padding_right_desktop:30|padding_top_tablet:60|padding_bottom_tablet:60|padding_left_tablet:30|padding_right_tablet:30|padding_top_mobile:60|padding_bottom_mobile:60|padding_left_mobile:30|padding_right_mobile:30&#8243;][vc_row_inner][vc_column_inner dfd_column_responsive_enable=&#8220;dfd-column-responsive-enable&#8220; col_inner_shadow=&#8220;box_shadow_enable:disable|shadow_horizontal:0|shadow_vertical:15|shadow_blur:50|shadow_spread:0|box_shadow_color:rgba(0%2C0%2C0%2C0.35)&#8220; col_inner_shadow_hover=&#8220;box_shadow_enable:disable|shadow_horizontal:0|shadow_vertical:15|shadow_blur:50|shadow_spread:0|box_shadow_color:rgba(0%2C0%2C0%2C0.35)&#8220; responsive_styles=&#8220;padding_left_desktop:50|padding_right_desktop:50|padding_left_tablet:30|padding_right_tablet:30&#8243;][vc_column_text]2019 wurde die Campra Alpine<\/p>\n","protected":false},"author":2,"featured_media":0,"parent":0,"menu_order":0,"comment_status":"closed","ping_status":"closed","template":"page-custom.php","meta":{"inline_featured_image":false,"_monsterinsights_skip_tracking":false,"_monsterinsights_sitenote_active":false,"_monsterinsights_sitenote_note":"","_monsterinsights_sitenote_category":0,"footnotes":""},"class_list":["post-36755","page","type-page","status-publish","hentry"],"yoast_head":"<!-- This site is optimized with the Yoast SEO plugin v27.4 - https:\/\/yoast.com\/product\/yoast-seo-wordpress\/ -->\n<title>\u00dcber uns - Campra Alpine Lodge &amp; Spa<\/title>\n<meta name=\"description\" content=\"Ein aufteilbarer Mehrzweckraum f\u00fcr Sitzung, Seminar, work-shop oder Bankett.\" \/>\n<meta name=\"robots\" content=\"index, follow, max-snippet:-1, max-image-preview:large, max-video-preview:-1\" \/>\n<link rel=\"canonical\" href=\"https:\/\/campralodge.ch\/de\/ueber-uns\/\" \/>\n<meta property=\"og:locale\" content=\"de_DE\" \/>\n<meta property=\"og:type\" content=\"article\" \/>\n<meta property=\"og:title\" content=\"\u00dcber uns - Campra Alpine Lodge &amp; Spa\" \/>\n<meta property=\"og:description\" content=\"Ein aufteilbarer Mehrzweckraum f\u00fcr Sitzung, Seminar, work-shop oder Bankett.\" \/>\n<meta property=\"og:url\" content=\"https:\/\/campralodge.ch\/de\/ueber-uns\/\" \/>\n<meta property=\"og:site_name\" content=\"Campra Alpine Lodge &amp; Spa\" \/>\n<meta property=\"article:publisher\" content=\"https:\/\/www.facebook.com\/campralodge\/?modal=admin_todo_tour\" \/>\n<meta property=\"og:image\" content=\"https:\/\/campralodge.ch\/wp-content\/uploads\/2020\/04\/campra_lodge_meetings_eventi2.jpg\" \/>\n<meta name=\"twitter:card\" content=\"summary_large_image\" \/>\n<meta name=\"twitter:label1\" content=\"Gesch\u00e4tzte Lesezeit\" \/>\n\t<meta name=\"twitter:data1\" content=\"2\u00a0Minuten\" \/>\n<script type=\"application\/ld+json\" class=\"yoast-schema-graph\">{\"@context\":\"https:\\\/\\\/schema.org\",\"@graph\":[{\"@type\":\"WebPage\",\"@id\":\"https:\\\/\\\/campralodge.ch\\\/de\\\/ueber-uns\\\/\",\"url\":\"https:\\\/\\\/campralodge.ch\\\/de\\\/ueber-uns\\\/\",\"name\":\"\u00dcber uns - Campra Alpine Lodge &amp; Spa\",\"isPartOf\":{\"@id\":\"https:\\\/\\\/campralodge.ch\\\/de\\\/#website\"},\"datePublished\":\"2024-02-12T09:57:23+00:00\",\"description\":\"Ein aufteilbarer Mehrzweckraum f\u00fcr Sitzung, Seminar, work-shop oder Bankett.\",\"breadcrumb\":{\"@id\":\"https:\\\/\\\/campralodge.ch\\\/de\\\/ueber-uns\\\/#breadcrumb\"},\"inLanguage\":\"de\",\"potentialAction\":[{\"@type\":\"ReadAction\",\"target\":[\"https:\\\/\\\/campralodge.ch\\\/de\\\/ueber-uns\\\/\"]}]},{\"@type\":\"BreadcrumbList\",\"@id\":\"https:\\\/\\\/campralodge.ch\\\/de\\\/ueber-uns\\\/#breadcrumb\",\"itemListElement\":[{\"@type\":\"ListItem\",\"position\":1,\"name\":\"Home\",\"item\":\"https:\\\/\\\/campralodge.ch\\\/de\\\/\"},{\"@type\":\"ListItem\",\"position\":2,\"name\":\"\u00dcber uns\"}]},{\"@type\":\"WebSite\",\"@id\":\"https:\\\/\\\/campralodge.ch\\\/de\\\/#website\",\"url\":\"https:\\\/\\\/campralodge.ch\\\/de\\\/\",\"name\":\"Campra Alpine Lodge &amp; Spa\",\"description\":\"Valle di Blenio\",\"publisher\":{\"@id\":\"https:\\\/\\\/campralodge.ch\\\/de\\\/#organization\"},\"potentialAction\":[{\"@type\":\"SearchAction\",\"target\":{\"@type\":\"EntryPoint\",\"urlTemplate\":\"https:\\\/\\\/campralodge.ch\\\/de\\\/?s={search_term_string}\"},\"query-input\":{\"@type\":\"PropertyValueSpecification\",\"valueRequired\":true,\"valueName\":\"search_term_string\"}}],\"inLanguage\":\"de\"},{\"@type\":\"Organization\",\"@id\":\"https:\\\/\\\/campralodge.ch\\\/de\\\/#organization\",\"name\":\"Campra Alpine Lodge & Spa\",\"url\":\"https:\\\/\\\/campralodge.ch\\\/de\\\/\",\"logo\":{\"@type\":\"ImageObject\",\"inLanguage\":\"de\",\"@id\":\"https:\\\/\\\/campralodge.ch\\\/de\\\/#\\\/schema\\\/logo\\\/image\\\/\",\"url\":\"https:\\\/\\\/campralodge.ch\\\/wp-content\\\/uploads\\\/2020\\\/04\\\/campralodge_logo_positivo.svg\",\"contentUrl\":\"https:\\\/\\\/campralodge.ch\\\/wp-content\\\/uploads\\\/2020\\\/04\\\/campralodge_logo_positivo.svg\",\"width\":\"1024\",\"height\":\"1024\",\"caption\":\"Campra Alpine Lodge & Spa\"},\"image\":{\"@id\":\"https:\\\/\\\/campralodge.ch\\\/de\\\/#\\\/schema\\\/logo\\\/image\\\/\"},\"sameAs\":[\"https:\\\/\\\/www.facebook.com\\\/campralodge\\\/?modal=admin_todo_tour\",\"https:\\\/\\\/www.instagram.com\\\/campralodge\\\/\"]}]}<\/script>\n<!-- \/ Yoast SEO plugin. -->","yoast_head_json":{"title":"\u00dcber uns - Campra Alpine Lodge &amp; Spa","description":"Ein aufteilbarer Mehrzweckraum f\u00fcr Sitzung, Seminar, work-shop oder Bankett.","robots":{"index":"index","follow":"follow","max-snippet":"max-snippet:-1","max-image-preview":"max-image-preview:large","max-video-preview":"max-video-preview:-1"},"canonical":"https:\/\/campralodge.ch\/de\/ueber-uns\/","og_locale":"de_DE","og_type":"article","og_title":"\u00dcber uns - Campra Alpine Lodge &amp; Spa","og_description":"Ein aufteilbarer Mehrzweckraum f\u00fcr Sitzung, Seminar, work-shop oder Bankett.","og_url":"https:\/\/campralodge.ch\/de\/ueber-uns\/","og_site_name":"Campra Alpine Lodge &amp; Spa","article_publisher":"https:\/\/www.facebook.com\/campralodge\/?modal=admin_todo_tour","og_image":[{"url":"https:\/\/campralodge.ch\/wp-content\/uploads\/2020\/04\/campra_lodge_meetings_eventi2.jpg","type":"","width":"","height":""}],"twitter_card":"summary_large_image","twitter_misc":{"Gesch\u00e4tzte Lesezeit":"2\u00a0Minuten"},"schema":{"@context":"https:\/\/schema.org","@graph":[{"@type":"WebPage","@id":"https:\/\/campralodge.ch\/de\/ueber-uns\/","url":"https:\/\/campralodge.ch\/de\/ueber-uns\/","name":"\u00dcber uns - Campra Alpine Lodge &amp; Spa","isPartOf":{"@id":"https:\/\/campralodge.ch\/de\/#website"},"datePublished":"2024-02-12T09:57:23+00:00","description":"Ein aufteilbarer Mehrzweckraum f\u00fcr Sitzung, Seminar, work-shop oder Bankett.","breadcrumb":{"@id":"https:\/\/campralodge.ch\/de\/ueber-uns\/#breadcrumb"},"inLanguage":"de","potentialAction":[{"@type":"ReadAction","target":["https:\/\/campralodge.ch\/de\/ueber-uns\/"]}]},{"@type":"BreadcrumbList","@id":"https:\/\/campralodge.ch\/de\/ueber-uns\/#breadcrumb","itemListElement":[{"@type":"ListItem","position":1,"name":"Home","item":"https:\/\/campralodge.ch\/de\/"},{"@type":"ListItem","position":2,"name":"\u00dcber uns"}]},{"@type":"WebSite","@id":"https:\/\/campralodge.ch\/de\/#website","url":"https:\/\/campralodge.ch\/de\/","name":"Campra Alpine Lodge &amp; Spa","description":"Valle di Blenio","publisher":{"@id":"https:\/\/campralodge.ch\/de\/#organization"},"potentialAction":[{"@type":"SearchAction","target":{"@type":"EntryPoint","urlTemplate":"https:\/\/campralodge.ch\/de\/?s={search_term_string}"},"query-input":{"@type":"PropertyValueSpecification","valueRequired":true,"valueName":"search_term_string"}}],"inLanguage":"de"},{"@type":"Organization","@id":"https:\/\/campralodge.ch\/de\/#organization","name":"Campra Alpine Lodge & Spa","url":"https:\/\/campralodge.ch\/de\/","logo":{"@type":"ImageObject","inLanguage":"de","@id":"https:\/\/campralodge.ch\/de\/#\/schema\/logo\/image\/","url":"https:\/\/campralodge.ch\/wp-content\/uploads\/2020\/04\/campralodge_logo_positivo.svg","contentUrl":"https:\/\/campralodge.ch\/wp-content\/uploads\/2020\/04\/campralodge_logo_positivo.svg","width":"1024","height":"1024","caption":"Campra Alpine Lodge & Spa"},"image":{"@id":"https:\/\/campralodge.ch\/de\/#\/schema\/logo\/image\/"},"sameAs":["https:\/\/www.facebook.com\/campralodge\/?modal=admin_todo_tour","https:\/\/www.instagram.com\/campralodge\/"]}]}},"_links":{"self":[{"href":"https:\/\/campralodge.ch\/de\/wp-json\/wp\/v2\/pages\/36755","targetHints":{"allow":["GET"]}}],"collection":[{"href":"https:\/\/campralodge.ch\/de\/wp-json\/wp\/v2\/pages"}],"about":[{"href":"https:\/\/campralodge.ch\/de\/wp-json\/wp\/v2\/types\/page"}],"author":[{"embeddable":true,"href":"https:\/\/campralodge.ch\/de\/wp-json\/wp\/v2\/users\/2"}],"replies":[{"embeddable":true,"href":"https:\/\/campralodge.ch\/de\/wp-json\/wp\/v2\/comments?post=36755"}],"version-history":[{"count":5,"href":"https:\/\/campralodge.ch\/de\/wp-json\/wp\/v2\/pages\/36755\/revisions"}],"predecessor-version":[{"id":36780,"href":"https:\/\/campralodge.ch\/de\/wp-json\/wp\/v2\/pages\/36755\/revisions\/36780"}],"wp:attachment":[{"href":"https:\/\/campralodge.ch\/de\/wp-json\/wp\/v2\/media?parent=36755"}],"curies":[{"name":"wp","href":"https:\/\/api.w.org\/{rel}","templated":true}]}}