{"id":34503,"date":"2024-02-12T10:57:22","date_gmt":"2024-02-12T09:57:22","guid":{"rendered":"https:\/\/campralodge.ch\/?page_id=34503"},"modified":"2025-03-18T15:00:31","modified_gmt":"2025-03-18T14:00:31","slug":"arbeite","status":"publish","type":"page","link":"https:\/\/campralodge.ch\/de\/arbeite\/","title":{"rendered":"Arbeite mit uns"},"content":{"rendered":"<div class=\"wpb-content-wrapper\"><p>[vc_row][vc_column]<div class=\"dfd-spacer-module\"  data-units=\"px\" data-wide_resolution=\"1280\" data-wide_size=\"150\" data-normal_resolution=\"1024\" data-normal_size=\"100\" data-tablet_resolution=\"800\" data-tablet_size=\"100\" data-mobile_resolution=\"480\" data-mobile_size=\"80\" style=\"height: 150px;\"><\/div>[\/vc_column][\/vc_row][vc_row][vc_column width=&#8220;1\/6&#8243; col_shadow=&#8220;box_shadow_enable:disable|shadow_horizontal:0|shadow_vertical:15|shadow_blur:50|shadow_spread:0|box_shadow_color:rgba(0%2C0%2C0%2C0.35)&#8220; col_shadow_hover=&#8220;box_shadow_enable:disable|shadow_horizontal:0|shadow_vertical:15|shadow_blur:50|shadow_spread:0|box_shadow_color:rgba(0%2C0%2C0%2C0.35)&#8220;][vc_single_image image=&#8220;37706&#8243; img_size=&#8220;full&#8220; css=&#8220;&#8220;][\/vc_column][vc_column width=&#8220;2\/3&#8243; dfd_column_responsive_enable=&#8220;dfd-column-responsive-enable&#8220; col_shadow=&#8220;box_shadow_enable:disable|shadow_horizontal:0|shadow_vertical:15|shadow_blur:50|shadow_spread:0|box_shadow_color:rgba(0%2C0%2C0%2C0.35)&#8220; col_shadow_hover=&#8220;box_shadow_enable:disable|shadow_horizontal:0|shadow_vertical:15|shadow_blur:50|shadow_spread:0|box_shadow_color:rgba(0%2C0%2C0%2C0.35)&#8220; responsive_styles=&#8220;padding_left_mobile:30|padding_right_mobile:30&#8243;][vc_column_text css=&#8220;&#8220;]<\/p>\n<h3 data-start=\"0\" data-end=\"52\"><strong data-start=\"4\" data-end=\"50\">WERDE TEIL UNSERES TEAMS \u2013 ARBEITE MIT UNS<\/strong><\/h3>\n<p data-start=\"54\" data-end=\"452\">Das <strong data-start=\"58\" data-end=\"87\">Campra Alpine Lodge &amp; SPA<\/strong> ist eine Ganzjahresdestination im Herzen der Schweizer Alpen. Im Winter ist Campra ein Paradies f\u00fcr Langl\u00e4ufer und Schneeliebhaber, w\u00e4hrend es im Sommer ein begehrtes Ziel f\u00fcr Wanderer, Mountainbiker und Naturliebhaber wird. Mit unserem <strong data-start=\"325\" data-end=\"363\">3-Sterne-Hotel, <a href=\"https:\/\/campralodge.ch\/de\/restaurant-und-bar\/\">Restaurant<\/a> und SPA<\/strong> bieten wir ein einzigartiges Erlebnis, das Sport, Entspannung und Gastronomie vereint.<\/p>\n<p data-start=\"454\" data-end=\"828\"><strong data-start=\"454\" data-end=\"473\">Arbeite mit uns<\/strong> und werde Teil eines dynamischen und freundlichen Teams! Wir suchen <strong data-start=\"542\" data-end=\"587\">leidenschaftliche und motivierte Personen<\/strong> mit Erfahrung in der Hotellerie und guten Sprachkenntnissen in <strong data-start=\"651\" data-end=\"688\">Italienisch, Deutsch und Englisch<\/strong>. Wenn du gerne mit G\u00e4sten arbeitest, Teamarbeit sch\u00e4tzt und Menschen immer mit einem L\u00e4cheln begr\u00fc\u00dft, dann bist du bei uns genau richtig!<\/p>\n<p data-start=\"830\" data-end=\"1041\">F\u00fcr Studierende oder Personen mit schulischen Verpflichtungen bieten wir auch <strong data-start=\"908\" data-end=\"946\">Teilzeitstellen an den Wochenenden<\/strong>. Zudem gibt es im <strong data-start=\"965\" data-end=\"984\">Juli und August<\/strong> spannende <strong data-start=\"995\" data-end=\"1038\">Sommerjob-M\u00f6glichkeiten f\u00fcr Studierende<\/strong>.<\/p>\n<p data-start=\"1043\" data-end=\"1258\">Wenn du bereit bist, den n\u00e4chsten Schritt in deiner Karriere zu machen, <strong data-start=\"1115\" data-end=\"1134\">arbeite mit uns<\/strong> und sende uns deine Bewerbung f\u00fcr eine der offenen Stellen. F\u00fcr Initiativbewerbungen schreibe an <strong data-start=\"1232\" data-end=\"1255\"><a href=\"mailto:info@campralodge.ch\" rel=\"noopener\" data-start=\"1234\" data-end=\"1253\">info@campralodge.ch<\/a><\/strong>.<\/p>\n<p data-start=\"1260\" data-end=\"1329\" data-is-last-node=\"\" data-is-only-node=\"\">Alternativ kannst du uns \u00fcber unsere <a href=\"https:\/\/www.linkedin.com\/company\/campra-alpine-lodge-spa\/posts\/?feedView=all\"><strong data-start=\"1297\" data-end=\"1315\">LinkedIn-Seite<\/strong><\/a> kontaktieren.<\/p>\n<p>[\/vc_column_text][\/vc_column][vc_column width=&#8220;1\/6&#8243;][\/vc_column][\/vc_row][vc_row anchor=&#8220;cookie&#8220;][vc_column]<div class=\"dfd-spacer-module\"  data-units=\"px\" data-wide_resolution=\"1280\" data-wide_size=\"150\" data-normal_resolution=\"1024\" data-normal_size=\"100\" data-tablet_resolution=\"800\" data-tablet_size=\"100\" data-mobile_resolution=\"480\" data-mobile_size=\"80\" style=\"height: 150px;\"><\/div>[\/vc_column][\/vc_row][vc_row][vc_column width=&#8220;1\/6&#8243; col_shadow=&#8220;box_shadow_enable:disable|shadow_horizontal:0|shadow_vertical:15|shadow_blur:50|shadow_spread:0|box_shadow_color:rgba(0%2C0%2C0%2C0.35)&#8220; col_shadow_hover=&#8220;box_shadow_enable:disable|shadow_horizontal:0|shadow_vertical:15|shadow_blur:50|shadow_spread:0|box_shadow_color:rgba(0%2C0%2C0%2C0.35)&#8220;][\/vc_column][vc_column width=&#8220;2\/3&#8243; dfd_column_responsive_enable=&#8220;dfd-column-responsive-enable&#8220; col_shadow=&#8220;box_shadow_enable:disable|shadow_horizontal:0|shadow_vertical:15|shadow_blur:50|shadow_spread:0|box_shadow_color:rgba(0%2C0%2C0%2C0.35)&#8220; col_shadow_hover=&#8220;box_shadow_enable:disable|shadow_horizontal:0|shadow_vertical:15|shadow_blur:50|shadow_spread:0|box_shadow_color:rgba(0%2C0%2C0%2C0.35)&#8220; responsive_styles=&#8220;padding_left_mobile:30|padding_right_mobile:30&#8243;][vc_column_text][\/vc_column_text][\/vc_column][vc_column width=&#8220;1\/6&#8243;][\/vc_column][\/vc_row][vc_row][vc_column]<div class=\"dfd-spacer-module\"  data-units=\"px\" data-wide_resolution=\"1280\" data-wide_size=\"150\" data-normal_resolution=\"1024\" data-normal_size=\"100\" data-tablet_resolution=\"800\" data-tablet_size=\"100\" data-mobile_resolution=\"480\" data-mobile_size=\"80\" style=\"height: 150px;\"><\/div>[\/vc_column][\/vc_row]<\/p>\n<\/div>","protected":false},"excerpt":{"rendered":"<p>[vc_row][vc_column][\/vc_column][\/vc_row][vc_row][vc_column width=&#8220;1\/6&#8243; col_shadow=&#8220;box_shadow_enable:disable|shadow_horizontal:0|shadow_vertical:15|shadow_blur:50|shadow_spread:0|box_shadow_color:rgba(0%2C0%2C0%2C0.35)&#8220; col_shadow_hover=&#8220;box_shadow_enable:disable|shadow_horizontal:0|shadow_vertical:15|shadow_blur:50|shadow_spread:0|box_shadow_color:rgba(0%2C0%2C0%2C0.35)&#8220;][vc_single_image image=&#8220;37706&#8243; img_size=&#8220;full&#8220; css=&#8220;&#8220;][\/vc_column][vc_column width=&#8220;2\/3&#8243; dfd_column_responsive_enable=&#8220;dfd-column-responsive-enable&#8220; col_shadow=&#8220;box_shadow_enable:disable|shadow_horizontal:0|shadow_vertical:15|shadow_blur:50|shadow_spread:0|box_shadow_color:rgba(0%2C0%2C0%2C0.35)&#8220; col_shadow_hover=&#8220;box_shadow_enable:disable|shadow_horizontal:0|shadow_vertical:15|shadow_blur:50|shadow_spread:0|box_shadow_color:rgba(0%2C0%2C0%2C0.35)&#8220; responsive_styles=&#8220;padding_left_mobile:30|padding_right_mobile:30&#8243;][vc_column_text css=&#8220;&#8220;] WERDE TEIL UNSERES TEAMS \u2013 ARBEITE MIT UNS Das Campra Alpine Lodge &amp; SPA ist eine Ganzjahresdestination<\/p>\n","protected":false},"author":2,"featured_media":37706,"parent":0,"menu_order":0,"comment_status":"closed","ping_status":"closed","template":"page-custom.php","meta":{"inline_featured_image":false,"_monsterinsights_skip_tracking":false,"_monsterinsights_sitenote_active":false,"_monsterinsights_sitenote_note":"","_monsterinsights_sitenote_category":0,"footnotes":""},"class_list":["post-34503","page","type-page","status-publish","has-post-thumbnail","hentry"],"yoast_head":"<!-- This site is optimized with the Yoast SEO plugin v27.4 - https:\/\/yoast.com\/product\/yoast-seo-wordpress\/ -->\n<title>Arbeite mit uns - Campra Alpine Lodge &amp; Spa<\/title>\n<meta name=\"description\" content=\"Arbeite mit uns im Campra Alpine Lodge &amp; SPA! Werde Teil unseres Teams in den Schweizer Alpen und erlebe eine spannende Karriere in der Hotellerie.\" \/>\n<meta name=\"robots\" content=\"index, follow, max-snippet:-1, max-image-preview:large, max-video-preview:-1\" \/>\n<link rel=\"canonical\" href=\"https:\/\/campralodge.ch\/de\/arbeite\/\" \/>\n<meta property=\"og:locale\" content=\"de_DE\" \/>\n<meta property=\"og:type\" content=\"article\" \/>\n<meta property=\"og:title\" content=\"Arbeite mit uns - Campra Alpine Lodge &amp; Spa\" \/>\n<meta property=\"og:description\" content=\"Arbeite mit uns im Campra Alpine Lodge &amp; SPA! Werde Teil unseres Teams in den Schweizer Alpen und erlebe eine spannende Karriere in der Hotellerie.\" \/>\n<meta property=\"og:url\" content=\"https:\/\/campralodge.ch\/de\/arbeite\/\" \/>\n<meta property=\"og:site_name\" content=\"Campra Alpine Lodge &amp; Spa\" \/>\n<meta property=\"article:publisher\" content=\"https:\/\/www.facebook.com\/campralodge\/?modal=admin_todo_tour\" \/>\n<meta property=\"article:modified_time\" content=\"2025-03-18T14:00:31+00:00\" \/>\n<meta property=\"og:image\" content=\"https:\/\/campralodge.ch\/wp-content\/uploads\/2020\/07\/DSC_3133web-1024x683.jpg\" \/>\n<meta name=\"twitter:card\" content=\"summary_large_image\" \/>\n<meta name=\"twitter:image\" content=\"https:\/\/campralodge.ch\/wp-content\/uploads\/2020\/07\/DSC_3133web-1024x683.jpg\" \/>\n<meta name=\"twitter:label1\" content=\"Gesch\u00e4tzte Lesezeit\" \/>\n\t<meta name=\"twitter:data1\" content=\"2\u00a0Minuten\" \/>\n<script type=\"application\/ld+json\" class=\"yoast-schema-graph\">{\"@context\":\"https:\\\/\\\/schema.org\",\"@graph\":[{\"@type\":\"WebPage\",\"@id\":\"https:\\\/\\\/campralodge.ch\\\/de\\\/arbeite\\\/\",\"url\":\"https:\\\/\\\/campralodge.ch\\\/de\\\/arbeite\\\/\",\"name\":\"Arbeite mit uns - Campra Alpine Lodge &amp; Spa\",\"isPartOf\":{\"@id\":\"https:\\\/\\\/campralodge.ch\\\/de\\\/#website\"},\"primaryImageOfPage\":{\"@id\":\"https:\\\/\\\/campralodge.ch\\\/de\\\/arbeite\\\/#primaryimage\"},\"image\":{\"@id\":\"https:\\\/\\\/campralodge.ch\\\/de\\\/arbeite\\\/#primaryimage\"},\"thumbnailUrl\":\"https:\\\/\\\/campralodge.ch\\\/wp-content\\\/uploads\\\/2025\\\/03\\\/lavora-con-noi-campra-lodge-spa.jpg\",\"datePublished\":\"2024-02-12T09:57:22+00:00\",\"dateModified\":\"2025-03-18T14:00:31+00:00\",\"description\":\"Arbeite mit uns im Campra Alpine Lodge & SPA! Werde Teil unseres Teams in den Schweizer Alpen und erlebe eine spannende Karriere in der Hotellerie.\",\"breadcrumb\":{\"@id\":\"https:\\\/\\\/campralodge.ch\\\/de\\\/arbeite\\\/#breadcrumb\"},\"inLanguage\":\"de\",\"potentialAction\":[{\"@type\":\"ReadAction\",\"target\":[\"https:\\\/\\\/campralodge.ch\\\/de\\\/arbeite\\\/\"]}]},{\"@type\":\"ImageObject\",\"inLanguage\":\"de\",\"@id\":\"https:\\\/\\\/campralodge.ch\\\/de\\\/arbeite\\\/#primaryimage\",\"url\":\"https:\\\/\\\/campralodge.ch\\\/wp-content\\\/uploads\\\/2025\\\/03\\\/lavora-con-noi-campra-lodge-spa.jpg\",\"contentUrl\":\"https:\\\/\\\/campralodge.ch\\\/wp-content\\\/uploads\\\/2025\\\/03\\\/lavora-con-noi-campra-lodge-spa.jpg\",\"width\":3947,\"height\":4934,\"caption\":\"L\u00e4chelnde Rezeptionistin begr\u00fc\u00dft G\u00e4ste im Campra Alpine Lodge & SPA\"},{\"@type\":\"BreadcrumbList\",\"@id\":\"https:\\\/\\\/campralodge.ch\\\/de\\\/arbeite\\\/#breadcrumb\",\"itemListElement\":[{\"@type\":\"ListItem\",\"position\":1,\"name\":\"Home\",\"item\":\"https:\\\/\\\/campralodge.ch\\\/de\\\/\"},{\"@type\":\"ListItem\",\"position\":2,\"name\":\"Arbeite mit uns\"}]},{\"@type\":\"WebSite\",\"@id\":\"https:\\\/\\\/campralodge.ch\\\/de\\\/#website\",\"url\":\"https:\\\/\\\/campralodge.ch\\\/de\\\/\",\"name\":\"Campra Alpine Lodge &amp; Spa\",\"description\":\"Valle di Blenio\",\"publisher\":{\"@id\":\"https:\\\/\\\/campralodge.ch\\\/de\\\/#organization\"},\"potentialAction\":[{\"@type\":\"SearchAction\",\"target\":{\"@type\":\"EntryPoint\",\"urlTemplate\":\"https:\\\/\\\/campralodge.ch\\\/de\\\/?s={search_term_string}\"},\"query-input\":{\"@type\":\"PropertyValueSpecification\",\"valueRequired\":true,\"valueName\":\"search_term_string\"}}],\"inLanguage\":\"de\"},{\"@type\":\"Organization\",\"@id\":\"https:\\\/\\\/campralodge.ch\\\/de\\\/#organization\",\"name\":\"Campra Alpine Lodge & Spa\",\"url\":\"https:\\\/\\\/campralodge.ch\\\/de\\\/\",\"logo\":{\"@type\":\"ImageObject\",\"inLanguage\":\"de\",\"@id\":\"https:\\\/\\\/campralodge.ch\\\/de\\\/#\\\/schema\\\/logo\\\/image\\\/\",\"url\":\"https:\\\/\\\/campralodge.ch\\\/wp-content\\\/uploads\\\/2020\\\/04\\\/campralodge_logo_positivo.svg\",\"contentUrl\":\"https:\\\/\\\/campralodge.ch\\\/wp-content\\\/uploads\\\/2020\\\/04\\\/campralodge_logo_positivo.svg\",\"width\":\"1024\",\"height\":\"1024\",\"caption\":\"Campra Alpine Lodge & Spa\"},\"image\":{\"@id\":\"https:\\\/\\\/campralodge.ch\\\/de\\\/#\\\/schema\\\/logo\\\/image\\\/\"},\"sameAs\":[\"https:\\\/\\\/www.facebook.com\\\/campralodge\\\/?modal=admin_todo_tour\",\"https:\\\/\\\/www.instagram.com\\\/campralodge\\\/\"]}]}<\/script>\n<!-- \/ Yoast SEO plugin. -->","yoast_head_json":{"title":"Arbeite mit uns - Campra Alpine Lodge &amp; Spa","description":"Arbeite mit uns im Campra Alpine Lodge & SPA! Werde Teil unseres Teams in den Schweizer Alpen und erlebe eine spannende Karriere in der Hotellerie.","robots":{"index":"index","follow":"follow","max-snippet":"max-snippet:-1","max-image-preview":"max-image-preview:large","max-video-preview":"max-video-preview:-1"},"canonical":"https:\/\/campralodge.ch\/de\/arbeite\/","og_locale":"de_DE","og_type":"article","og_title":"Arbeite mit uns - Campra Alpine Lodge &amp; Spa","og_description":"Arbeite mit uns im Campra Alpine Lodge & SPA! Werde Teil unseres Teams in den Schweizer Alpen und erlebe eine spannende Karriere in der Hotellerie.","og_url":"https:\/\/campralodge.ch\/de\/arbeite\/","og_site_name":"Campra Alpine Lodge &amp; Spa","article_publisher":"https:\/\/www.facebook.com\/campralodge\/?modal=admin_todo_tour","article_modified_time":"2025-03-18T14:00:31+00:00","og_image":[{"url":"https:\/\/campralodge.ch\/wp-content\/uploads\/2020\/07\/DSC_3133web-1024x683.jpg","type":"","width":"","height":""}],"twitter_card":"summary_large_image","twitter_image":"https:\/\/campralodge.ch\/wp-content\/uploads\/2020\/07\/DSC_3133web-1024x683.jpg","twitter_misc":{"Gesch\u00e4tzte Lesezeit":"2\u00a0Minuten"},"schema":{"@context":"https:\/\/schema.org","@graph":[{"@type":"WebPage","@id":"https:\/\/campralodge.ch\/de\/arbeite\/","url":"https:\/\/campralodge.ch\/de\/arbeite\/","name":"Arbeite mit uns - Campra Alpine Lodge &amp; Spa","isPartOf":{"@id":"https:\/\/campralodge.ch\/de\/#website"},"primaryImageOfPage":{"@id":"https:\/\/campralodge.ch\/de\/arbeite\/#primaryimage"},"image":{"@id":"https:\/\/campralodge.ch\/de\/arbeite\/#primaryimage"},"thumbnailUrl":"https:\/\/campralodge.ch\/wp-content\/uploads\/2025\/03\/lavora-con-noi-campra-lodge-spa.jpg","datePublished":"2024-02-12T09:57:22+00:00","dateModified":"2025-03-18T14:00:31+00:00","description":"Arbeite mit uns im Campra Alpine Lodge & SPA! Werde Teil unseres Teams in den Schweizer Alpen und erlebe eine spannende Karriere in der Hotellerie.","breadcrumb":{"@id":"https:\/\/campralodge.ch\/de\/arbeite\/#breadcrumb"},"inLanguage":"de","potentialAction":[{"@type":"ReadAction","target":["https:\/\/campralodge.ch\/de\/arbeite\/"]}]},{"@type":"ImageObject","inLanguage":"de","@id":"https:\/\/campralodge.ch\/de\/arbeite\/#primaryimage","url":"https:\/\/campralodge.ch\/wp-content\/uploads\/2025\/03\/lavora-con-noi-campra-lodge-spa.jpg","contentUrl":"https:\/\/campralodge.ch\/wp-content\/uploads\/2025\/03\/lavora-con-noi-campra-lodge-spa.jpg","width":3947,"height":4934,"caption":"L\u00e4chelnde Rezeptionistin begr\u00fc\u00dft G\u00e4ste im Campra Alpine Lodge & SPA"},{"@type":"BreadcrumbList","@id":"https:\/\/campralodge.ch\/de\/arbeite\/#breadcrumb","itemListElement":[{"@type":"ListItem","position":1,"name":"Home","item":"https:\/\/campralodge.ch\/de\/"},{"@type":"ListItem","position":2,"name":"Arbeite mit uns"}]},{"@type":"WebSite","@id":"https:\/\/campralodge.ch\/de\/#website","url":"https:\/\/campralodge.ch\/de\/","name":"Campra Alpine Lodge &amp; Spa","description":"Valle di Blenio","publisher":{"@id":"https:\/\/campralodge.ch\/de\/#organization"},"potentialAction":[{"@type":"SearchAction","target":{"@type":"EntryPoint","urlTemplate":"https:\/\/campralodge.ch\/de\/?s={search_term_string}"},"query-input":{"@type":"PropertyValueSpecification","valueRequired":true,"valueName":"search_term_string"}}],"inLanguage":"de"},{"@type":"Organization","@id":"https:\/\/campralodge.ch\/de\/#organization","name":"Campra Alpine Lodge & Spa","url":"https:\/\/campralodge.ch\/de\/","logo":{"@type":"ImageObject","inLanguage":"de","@id":"https:\/\/campralodge.ch\/de\/#\/schema\/logo\/image\/","url":"https:\/\/campralodge.ch\/wp-content\/uploads\/2020\/04\/campralodge_logo_positivo.svg","contentUrl":"https:\/\/campralodge.ch\/wp-content\/uploads\/2020\/04\/campralodge_logo_positivo.svg","width":"1024","height":"1024","caption":"Campra Alpine Lodge & Spa"},"image":{"@id":"https:\/\/campralodge.ch\/de\/#\/schema\/logo\/image\/"},"sameAs":["https:\/\/www.facebook.com\/campralodge\/?modal=admin_todo_tour","https:\/\/www.instagram.com\/campralodge\/"]}]}},"_links":{"self":[{"href":"https:\/\/campralodge.ch\/de\/wp-json\/wp\/v2\/pages\/34503","targetHints":{"allow":["GET"]}}],"collection":[{"href":"https:\/\/campralodge.ch\/de\/wp-json\/wp\/v2\/pages"}],"about":[{"href":"https:\/\/campralodge.ch\/de\/wp-json\/wp\/v2\/types\/page"}],"author":[{"embeddable":true,"href":"https:\/\/campralodge.ch\/de\/wp-json\/wp\/v2\/users\/2"}],"replies":[{"embeddable":true,"href":"https:\/\/campralodge.ch\/de\/wp-json\/wp\/v2\/comments?post=34503"}],"version-history":[{"count":12,"href":"https:\/\/campralodge.ch\/de\/wp-json\/wp\/v2\/pages\/34503\/revisions"}],"predecessor-version":[{"id":37727,"href":"https:\/\/campralodge.ch\/de\/wp-json\/wp\/v2\/pages\/34503\/revisions\/37727"}],"wp:featuredmedia":[{"embeddable":true,"href":"https:\/\/campralodge.ch\/de\/wp-json\/wp\/v2\/media\/37706"}],"wp:attachment":[{"href":"https:\/\/campralodge.ch\/de\/wp-json\/wp\/v2\/media?parent=34503"}],"curies":[{"name":"wp","href":"https:\/\/api.w.org\/{rel}","templated":true}]}}